{"id":43413,"date":"2026-02-24T11:31:04","date_gmt":"2026-02-24T10:31:04","guid":{"rendered":"https:\/\/imprimeideas.es\/?post_type=product&p=43413"},"modified":"2026-02-26T18:42:27","modified_gmt":"2026-02-26T17:42:27","slug":"doudou-marlin","status":"publish","type":"product","link":"https:\/\/imprimeideas.es\/en\/product\/doudou-marlin\/","title":{"rendered":"Doudou Marlin"},"content":{"rendered":"<p>Tierno doudou con lindo dise\u00f1o de elefante blanco. Con nudos en cada una de las 3 esquinas para estimular el sentido del tacto del beb\u00e9, facilitando la relajaci\u00f3n. Fabricado en una \u00fanica pieza de tela, para evitar que se separe en trozos m\u00e1s peque\u00f1os.<\/p>","protected":false},"excerpt":{"rendered":"<p>Tierno doudou con lindo dise\u00f1o de elefante blanco. Con nudos en cada una de las 3 esquinas para estimular el<\/p>","protected":false},"featured_media":83341,"comment_status":"open","ping_status":"open","template":"","meta":{"inline_featured_image":false},"product_brand":[],"product_cat":[108],"product_tag":[],"class_list":{"0":"post-43413","1":"product","2":"type-product","3":"status-publish","4":"has-post-thumbnail","6":"product_cat-infantil","8":"first","9":"instock","10":"taxable","11":"shipping-taxable","12":"purchasable","13":"product-type-variable","14":"has-default-attributes"},"aioseo_notices":[],"_links":{"self":[{"href":"https:\/\/imprimeideas.es\/en\/wp-json\/wp\/v2\/product\/43413","targetHints":{"allow":["GET"]}}],"collection":[{"href":"https:\/\/imprimeideas.es\/en\/wp-json\/wp\/v2\/product"}],"about":[{"href":"https:\/\/imprimeideas.es\/en\/wp-json\/wp\/v2\/types\/product"}],"replies":[{"embeddable":true,"href":"https:\/\/imprimeideas.es\/en\/wp-json\/wp\/v2\/comments?post=43413"}],"version-history":[{"count":1,"href":"https:\/\/imprimeideas.es\/en\/wp-json\/wp\/v2\/product\/43413\/revisions"}],"predecessor-version":[{"id":55196,"href":"https:\/\/imprimeideas.es\/en\/wp-json\/wp\/v2\/product\/43413\/revisions\/55196"}],"wp:featuredmedia":[{"embeddable":true,"href":"https:\/\/imprimeideas.es\/en\/wp-json\/wp\/v2\/media\/83341"}],"wp:attachment":[{"href":"https:\/\/imprimeideas.es\/en\/wp-json\/wp\/v2\/media?parent=43413"}],"wp:term":[{"taxonomy":"product_brand","embeddable":true,"href":"https:\/\/imprimeideas.es\/en\/wp-json\/wp\/v2\/product_brand?post=43413"},{"taxonomy":"product_cat","embeddable":true,"href":"https:\/\/imprimeideas.es\/en\/wp-json\/wp\/v2\/product_cat?post=43413"},{"taxonomy":"product_tag","embeddable":true,"href":"https:\/\/imprimeideas.es\/en\/wp-json\/wp\/v2\/product_tag?post=43413"}],"curies":[{"name":"wp","href":"https:\/\/api.w.org\/{rel}","templated":true}]}}