{"id":43409,"date":"2026-02-24T11:31:04","date_gmt":"2026-02-24T10:31:04","guid":{"rendered":"https:\/\/imprimeideas.es\/?post_type=product&p=43409"},"modified":"2026-02-26T18:23:16","modified_gmt":"2026-02-26T17:23:16","slug":"set-mertens","status":"publish","type":"product","link":"https:\/\/imprimeideas.es\/en\/product\/set-mertens\/","title":{"rendered":"Set Mertens"},"content":{"rendered":"<p>Fant\u00e1stico set de l\u00e1pices y bloc hecho en cart\u00f3n reciclado. Contiene estuche con ventana de 8 l\u00e1pices con cuerpo hexagonal de variados colores y un bloc de notas de anillas con 6 hojas de motivos naturales y 18 p\u00e1ginas en blanco.<\/p>","protected":false},"excerpt":{"rendered":"<p>8 L\u00e1pices. Bloc 24 Hojas<\/p>","protected":false},"featured_media":69201,"comment_status":"open","ping_status":"open","template":"","meta":{"inline_featured_image":false},"product_brand":[],"product_cat":[122,108],"product_tag":[],"class_list":{"0":"post-43409","1":"product","2":"type-product","3":"status-publish","4":"has-post-thumbnail","6":"product_cat-articulos-sostenibles","7":"product_cat-infantil","9":"first","10":"outofstock","11":"taxable","12":"shipping-taxable","13":"purchasable","14":"product-type-variable","15":"has-default-attributes"},"aioseo_notices":[],"_links":{"self":[{"href":"https:\/\/imprimeideas.es\/en\/wp-json\/wp\/v2\/product\/43409","targetHints":{"allow":["GET"]}}],"collection":[{"href":"https:\/\/imprimeideas.es\/en\/wp-json\/wp\/v2\/product"}],"about":[{"href":"https:\/\/imprimeideas.es\/en\/wp-json\/wp\/v2\/types\/product"}],"replies":[{"embeddable":true,"href":"https:\/\/imprimeideas.es\/en\/wp-json\/wp\/v2\/comments?post=43409"}],"version-history":[{"count":1,"href":"https:\/\/imprimeideas.es\/en\/wp-json\/wp\/v2\/product\/43409\/revisions"}],"predecessor-version":[{"id":55194,"href":"https:\/\/imprimeideas.es\/en\/wp-json\/wp\/v2\/product\/43409\/revisions\/55194"}],"wp:featuredmedia":[{"embeddable":true,"href":"https:\/\/imprimeideas.es\/en\/wp-json\/wp\/v2\/media\/69201"}],"wp:attachment":[{"href":"https:\/\/imprimeideas.es\/en\/wp-json\/wp\/v2\/media?parent=43409"}],"wp:term":[{"taxonomy":"product_brand","embeddable":true,"href":"https:\/\/imprimeideas.es\/en\/wp-json\/wp\/v2\/product_brand?post=43409"},{"taxonomy":"product_cat","embeddable":true,"href":"https:\/\/imprimeideas.es\/en\/wp-json\/wp\/v2\/product_cat?post=43409"},{"taxonomy":"product_tag","embeddable":true,"href":"https:\/\/imprimeideas.es\/en\/wp-json\/wp\/v2\/product_tag?post=43409"}],"curies":[{"name":"wp","href":"https:\/\/api.w.org\/{rel}","templated":true}]}}