{"id":43407,"date":"2026-02-24T11:31:03","date_gmt":"2026-02-24T10:31:03","guid":{"rendered":"https:\/\/imprimeideas.es\/?post_type=product&p=43407"},"modified":"2026-02-26T18:08:06","modified_gmt":"2026-02-26T17:08:06","slug":"estuche-lanzini","status":"publish","type":"product","link":"https:\/\/imprimeideas.es\/en\/product\/estuche-lanzini\/","title":{"rendered":"Estuche Lanzini"},"content":{"rendered":"<p>Completo malet\u00edn para colorear fabricado en madera, con c\u00f3moda asa de transporte. Contenido: &#8211; 12 rotuladores- 12 l\u00e1pices- 12 ceras cray\u00f3n &#8211; 12 ceras al aceite &#8211; Placa de acuarelas con pincel y paleta &#8211; Sacapuntas- Goma- Tarro de pegamento- Regla<\/p>","protected":false},"excerpt":{"rendered":"<p>66 Piezas<\/p>","protected":false},"featured_media":71580,"comment_status":"open","ping_status":"open","template":"","meta":{"inline_featured_image":false},"product_brand":[],"product_cat":[122,108],"product_tag":[],"class_list":{"0":"post-43407","1":"product","2":"type-product","3":"status-publish","4":"has-post-thumbnail","6":"product_cat-articulos-sostenibles","7":"product_cat-infantil","9":"first","10":"instock","11":"taxable","12":"shipping-taxable","13":"purchasable","14":"product-type-variable","15":"has-default-attributes"},"aioseo_notices":[],"_links":{"self":[{"href":"https:\/\/imprimeideas.es\/en\/wp-json\/wp\/v2\/product\/43407","targetHints":{"allow":["GET"]}}],"collection":[{"href":"https:\/\/imprimeideas.es\/en\/wp-json\/wp\/v2\/product"}],"about":[{"href":"https:\/\/imprimeideas.es\/en\/wp-json\/wp\/v2\/types\/product"}],"replies":[{"embeddable":true,"href":"https:\/\/imprimeideas.es\/en\/wp-json\/wp\/v2\/comments?post=43407"}],"version-history":[{"count":1,"href":"https:\/\/imprimeideas.es\/en\/wp-json\/wp\/v2\/product\/43407\/revisions"}],"predecessor-version":[{"id":55193,"href":"https:\/\/imprimeideas.es\/en\/wp-json\/wp\/v2\/product\/43407\/revisions\/55193"}],"wp:featuredmedia":[{"embeddable":true,"href":"https:\/\/imprimeideas.es\/en\/wp-json\/wp\/v2\/media\/71580"}],"wp:attachment":[{"href":"https:\/\/imprimeideas.es\/en\/wp-json\/wp\/v2\/media?parent=43407"}],"wp:term":[{"taxonomy":"product_brand","embeddable":true,"href":"https:\/\/imprimeideas.es\/en\/wp-json\/wp\/v2\/product_brand?post=43407"},{"taxonomy":"product_cat","embeddable":true,"href":"https:\/\/imprimeideas.es\/en\/wp-json\/wp\/v2\/product_cat?post=43407"},{"taxonomy":"product_tag","embeddable":true,"href":"https:\/\/imprimeideas.es\/en\/wp-json\/wp\/v2\/product_tag?post=43407"}],"curies":[{"name":"wp","href":"https:\/\/api.w.org\/{rel}","templated":true}]}}