{"id":43403,"date":"2026-02-24T11:31:03","date_gmt":"2026-02-24T10:31:03","guid":{"rendered":"https:\/\/imprimeideas.es\/?post_type=product&p=43403"},"modified":"2026-02-26T18:13:37","modified_gmt":"2026-02-26T17:13:37","slug":"juego-wolen","status":"publish","type":"product","link":"https:\/\/imprimeideas.es\/en\/product\/juego-wolen\/","title":{"rendered":"Juego Wolen"},"content":{"rendered":"<p>Divertido juego de mesa fabricado en madera e ideal para los m\u00e1s competitivos. El juego consiste en lanzar las fichas desde cada campo al capo contrario usando el el\u00e1stico. Gana el que m\u00e1s fichas cuele por la ranura del oponente. Tablero con 5 fichas blancas y 5 negras, presentado en una caja individual de dise\u00f1o kraft.<\/p>","protected":false},"excerpt":{"rendered":"<p>10 Piezas<\/p>","protected":false},"featured_media":73273,"comment_status":"open","ping_status":"open","template":"","meta":{"inline_featured_image":false},"product_brand":[],"product_cat":[122,108,106],"product_tag":[],"class_list":{"0":"post-43403","1":"product","2":"type-product","3":"status-publish","4":"has-post-thumbnail","6":"product_cat-articulos-sostenibles","7":"product_cat-infantil","8":"product_cat-regalos-y-premiums","10":"first","11":"instock","12":"taxable","13":"shipping-taxable","14":"purchasable","15":"product-type-variable","16":"has-default-attributes"},"aioseo_notices":[],"_links":{"self":[{"href":"https:\/\/imprimeideas.es\/en\/wp-json\/wp\/v2\/product\/43403","targetHints":{"allow":["GET"]}}],"collection":[{"href":"https:\/\/imprimeideas.es\/en\/wp-json\/wp\/v2\/product"}],"about":[{"href":"https:\/\/imprimeideas.es\/en\/wp-json\/wp\/v2\/types\/product"}],"replies":[{"embeddable":true,"href":"https:\/\/imprimeideas.es\/en\/wp-json\/wp\/v2\/comments?post=43403"}],"version-history":[{"count":1,"href":"https:\/\/imprimeideas.es\/en\/wp-json\/wp\/v2\/product\/43403\/revisions"}],"predecessor-version":[{"id":55191,"href":"https:\/\/imprimeideas.es\/en\/wp-json\/wp\/v2\/product\/43403\/revisions\/55191"}],"wp:featuredmedia":[{"embeddable":true,"href":"https:\/\/imprimeideas.es\/en\/wp-json\/wp\/v2\/media\/73273"}],"wp:attachment":[{"href":"https:\/\/imprimeideas.es\/en\/wp-json\/wp\/v2\/media?parent=43403"}],"wp:term":[{"taxonomy":"product_brand","embeddable":true,"href":"https:\/\/imprimeideas.es\/en\/wp-json\/wp\/v2\/product_brand?post=43403"},{"taxonomy":"product_cat","embeddable":true,"href":"https:\/\/imprimeideas.es\/en\/wp-json\/wp\/v2\/product_cat?post=43403"},{"taxonomy":"product_tag","embeddable":true,"href":"https:\/\/imprimeideas.es\/en\/wp-json\/wp\/v2\/product_tag?post=43403"}],"curies":[{"name":"wp","href":"https:\/\/api.w.org\/{rel}","templated":true}]}}