{"id":43400,"date":"2026-02-24T11:31:03","date_gmt":"2026-02-24T10:31:03","guid":{"rendered":"https:\/\/imprimeideas.es\/?post_type=product&p=43400"},"modified":"2026-02-26T18:27:57","modified_gmt":"2026-02-26T17:27:57","slug":"juego-madis","status":"publish","type":"product","link":"https:\/\/imprimeideas.es\/en\/product\/juego-madis\/","title":{"rendered":"Juego Madis"},"content":{"rendered":"<p>Juego de punter\u00eda fabricado en madera. Consiste en colar los aros de cuerda en la base con palos del mismo color (cada color tiene una puntuaci\u00f3n diferente). Compacto y c\u00f3modo de montar, incluye 12 piezas. Con instrucciones en espa\u00f1ol e ingl\u00e9s. Presentado individualmente en una caja de dise\u00f1o kraft.<\/p>","protected":false},"excerpt":{"rendered":"<p>5 Piezas<\/p>","protected":false},"featured_media":64385,"comment_status":"open","ping_status":"open","template":"","meta":{"inline_featured_image":false},"product_brand":[],"product_cat":[122,108,106],"product_tag":[],"class_list":{"0":"post-43400","1":"product","2":"type-product","3":"status-publish","4":"has-post-thumbnail","6":"product_cat-articulos-sostenibles","7":"product_cat-infantil","8":"product_cat-regalos-y-premiums","10":"first","11":"instock","12":"taxable","13":"shipping-taxable","14":"purchasable","15":"product-type-variable","16":"has-default-attributes"},"aioseo_notices":[],"_links":{"self":[{"href":"https:\/\/imprimeideas.es\/en\/wp-json\/wp\/v2\/product\/43400","targetHints":{"allow":["GET"]}}],"collection":[{"href":"https:\/\/imprimeideas.es\/en\/wp-json\/wp\/v2\/product"}],"about":[{"href":"https:\/\/imprimeideas.es\/en\/wp-json\/wp\/v2\/types\/product"}],"replies":[{"embeddable":true,"href":"https:\/\/imprimeideas.es\/en\/wp-json\/wp\/v2\/comments?post=43400"}],"version-history":[{"count":1,"href":"https:\/\/imprimeideas.es\/en\/wp-json\/wp\/v2\/product\/43400\/revisions"}],"predecessor-version":[{"id":55190,"href":"https:\/\/imprimeideas.es\/en\/wp-json\/wp\/v2\/product\/43400\/revisions\/55190"}],"wp:featuredmedia":[{"embeddable":true,"href":"https:\/\/imprimeideas.es\/en\/wp-json\/wp\/v2\/media\/64385"}],"wp:attachment":[{"href":"https:\/\/imprimeideas.es\/en\/wp-json\/wp\/v2\/media?parent=43400"}],"wp:term":[{"taxonomy":"product_brand","embeddable":true,"href":"https:\/\/imprimeideas.es\/en\/wp-json\/wp\/v2\/product_brand?post=43400"},{"taxonomy":"product_cat","embeddable":true,"href":"https:\/\/imprimeideas.es\/en\/wp-json\/wp\/v2\/product_cat?post=43400"},{"taxonomy":"product_tag","embeddable":true,"href":"https:\/\/imprimeideas.es\/en\/wp-json\/wp\/v2\/product_tag?post=43400"}],"curies":[{"name":"wp","href":"https:\/\/api.w.org\/{rel}","templated":true}]}}