{"id":43398,"date":"2026-02-24T11:31:02","date_gmt":"2026-02-24T10:31:02","guid":{"rendered":"https:\/\/imprimeideas.es\/?post_type=product&p=43398"},"modified":"2026-02-26T18:28:03","modified_gmt":"2026-02-26T17:28:03","slug":"juego-thumper","status":"publish","type":"product","link":"https:\/\/imprimeideas.es\/en\/product\/juego-thumper\/","title":{"rendered":"Juego Thumper"},"content":{"rendered":"<p>Entretenido juego de parchis fabricado en madera. Contiene un tablero, 16 fichas de 4 colores diferentes y un dado. Para participar entre 2 y 4 jugadores. Con pr\u00e1ctica bolsita de algod\u00f3n para guardar las fichas. Presentado individualmente en caja de dise\u00f1o kraft.<\/p>","protected":false},"excerpt":{"rendered":"<p>17 Piezas. Funda Algod\u00f3n<\/p>","protected":false},"featured_media":73333,"comment_status":"open","ping_status":"open","template":"","meta":{"inline_featured_image":false},"product_brand":[],"product_cat":[122,108,106],"product_tag":[],"class_list":{"0":"post-43398","1":"product","2":"type-product","3":"status-publish","4":"has-post-thumbnail","6":"product_cat-articulos-sostenibles","7":"product_cat-infantil","8":"product_cat-regalos-y-premiums","10":"first","11":"instock","12":"taxable","13":"shipping-taxable","14":"purchasable","15":"product-type-variable","16":"has-default-attributes"},"aioseo_notices":[],"_links":{"self":[{"href":"https:\/\/imprimeideas.es\/en\/wp-json\/wp\/v2\/product\/43398","targetHints":{"allow":["GET"]}}],"collection":[{"href":"https:\/\/imprimeideas.es\/en\/wp-json\/wp\/v2\/product"}],"about":[{"href":"https:\/\/imprimeideas.es\/en\/wp-json\/wp\/v2\/types\/product"}],"replies":[{"embeddable":true,"href":"https:\/\/imprimeideas.es\/en\/wp-json\/wp\/v2\/comments?post=43398"}],"version-history":[{"count":1,"href":"https:\/\/imprimeideas.es\/en\/wp-json\/wp\/v2\/product\/43398\/revisions"}],"predecessor-version":[{"id":55189,"href":"https:\/\/imprimeideas.es\/en\/wp-json\/wp\/v2\/product\/43398\/revisions\/55189"}],"wp:featuredmedia":[{"embeddable":true,"href":"https:\/\/imprimeideas.es\/en\/wp-json\/wp\/v2\/media\/73333"}],"wp:attachment":[{"href":"https:\/\/imprimeideas.es\/en\/wp-json\/wp\/v2\/media?parent=43398"}],"wp:term":[{"taxonomy":"product_brand","embeddable":true,"href":"https:\/\/imprimeideas.es\/en\/wp-json\/wp\/v2\/product_brand?post=43398"},{"taxonomy":"product_cat","embeddable":true,"href":"https:\/\/imprimeideas.es\/en\/wp-json\/wp\/v2\/product_cat?post=43398"},{"taxonomy":"product_tag","embeddable":true,"href":"https:\/\/imprimeideas.es\/en\/wp-json\/wp\/v2\/product_tag?post=43398"}],"curies":[{"name":"wp","href":"https:\/\/api.w.org\/{rel}","templated":true}]}}