{"id":43371,"date":"2026-02-24T11:30:35","date_gmt":"2026-02-24T10:30:35","guid":{"rendered":"https:\/\/imprimeideas.es\/?post_type=product&p=43371"},"modified":"2026-02-26T18:19:14","modified_gmt":"2026-02-26T17:19:14","slug":"juego-habilidad-sudokids","status":"publish","type":"product","link":"https:\/\/imprimeideas.es\/en\/product\/juego-habilidad-sudokids\/","title":{"rendered":"Juego Habilidad Sudokids"},"content":{"rendered":"<p>Juego de habilidad fabricado en madera. Emocionante juego sudoku con motivos ecol\u00f3gicos para todas las edades con tablero y 36 fichas (6 por dise\u00f1o). Con pr\u00e1ctica bolsita de algod\u00f3n para guardar todas las fichas e instrucciones incluidas (espa\u00f1ol e ingles).<\/p>","protected":false},"excerpt":{"rendered":"<p>36 Piezas. Funda Algod\u00f3n<\/p>","protected":false},"featured_media":43990,"comment_status":"open","ping_status":"open","template":"","meta":{"inline_featured_image":false},"product_brand":[],"product_cat":[122,108],"product_tag":[],"class_list":{"0":"post-43371","1":"product","2":"type-product","3":"status-publish","4":"has-post-thumbnail","6":"product_cat-articulos-sostenibles","7":"product_cat-infantil","9":"first","10":"instock","11":"taxable","12":"shipping-taxable","13":"purchasable","14":"product-type-variable","15":"has-default-attributes"},"aioseo_notices":[],"_links":{"self":[{"href":"https:\/\/imprimeideas.es\/en\/wp-json\/wp\/v2\/product\/43371","targetHints":{"allow":["GET"]}}],"collection":[{"href":"https:\/\/imprimeideas.es\/en\/wp-json\/wp\/v2\/product"}],"about":[{"href":"https:\/\/imprimeideas.es\/en\/wp-json\/wp\/v2\/types\/product"}],"replies":[{"embeddable":true,"href":"https:\/\/imprimeideas.es\/en\/wp-json\/wp\/v2\/comments?post=43371"}],"version-history":[{"count":1,"href":"https:\/\/imprimeideas.es\/en\/wp-json\/wp\/v2\/product\/43371\/revisions"}],"predecessor-version":[{"id":55183,"href":"https:\/\/imprimeideas.es\/en\/wp-json\/wp\/v2\/product\/43371\/revisions\/55183"}],"wp:featuredmedia":[{"embeddable":true,"href":"https:\/\/imprimeideas.es\/en\/wp-json\/wp\/v2\/media\/43990"}],"wp:attachment":[{"href":"https:\/\/imprimeideas.es\/en\/wp-json\/wp\/v2\/media?parent=43371"}],"wp:term":[{"taxonomy":"product_brand","embeddable":true,"href":"https:\/\/imprimeideas.es\/en\/wp-json\/wp\/v2\/product_brand?post=43371"},{"taxonomy":"product_cat","embeddable":true,"href":"https:\/\/imprimeideas.es\/en\/wp-json\/wp\/v2\/product_cat?post=43371"},{"taxonomy":"product_tag","embeddable":true,"href":"https:\/\/imprimeideas.es\/en\/wp-json\/wp\/v2\/product_tag?post=43371"}],"curies":[{"name":"wp","href":"https:\/\/api.w.org\/{rel}","templated":true}]}}