{"id":43367,"date":"2026-02-24T11:30:35","date_gmt":"2026-02-24T10:30:35","guid":{"rendered":"https:\/\/imprimeideas.es\/?post_type=product&p=43367"},"modified":"2026-02-26T18:03:08","modified_gmt":"2026-02-26T17:03:08","slug":"juego-habilidad-cusack","status":"publish","type":"product","link":"https:\/\/imprimeideas.es\/en\/product\/juego-habilidad-cusack\/","title":{"rendered":"Juego Habilidad Cusack"},"content":{"rendered":"<p>Juego de habilidad de 6 piezas fabricado en suave bamb\u00fa. Un divertido rompecabezas perfecto para el entretenimiento: hay que ensamblar las piezas en una combinaci\u00f3n \u00fanica que nos mostrar\u00e1 la figura buscada. Presentado individualmente en una caja de dise\u00f1o kraft.Materiales como el bamb\u00fa fomentan la utilizaci\u00f3n de materias primas naturales, reduciendo las emisiones contaminantes. Proviene de una planta de gran resistencia y versatilidad, con crecimiento y regeneraci\u00f3n r\u00e1pidos, siendo una excelente alternativa al uso de madera tradicional.<\/p>","protected":false},"excerpt":{"rendered":"<p>6 Piezas<\/p>","protected":false},"featured_media":84915,"comment_status":"open","ping_status":"open","template":"","meta":{"inline_featured_image":false},"product_brand":[],"product_cat":[122,108,106],"product_tag":[],"class_list":{"0":"post-43367","1":"product","2":"type-product","3":"status-publish","4":"has-post-thumbnail","6":"product_cat-articulos-sostenibles","7":"product_cat-infantil","8":"product_cat-regalos-y-premiums","10":"first","11":"outofstock","12":"taxable","13":"shipping-taxable","14":"purchasable","15":"product-type-variable","16":"has-default-attributes"},"aioseo_notices":[],"_links":{"self":[{"href":"https:\/\/imprimeideas.es\/en\/wp-json\/wp\/v2\/product\/43367","targetHints":{"allow":["GET"]}}],"collection":[{"href":"https:\/\/imprimeideas.es\/en\/wp-json\/wp\/v2\/product"}],"about":[{"href":"https:\/\/imprimeideas.es\/en\/wp-json\/wp\/v2\/types\/product"}],"replies":[{"embeddable":true,"href":"https:\/\/imprimeideas.es\/en\/wp-json\/wp\/v2\/comments?post=43367"}],"version-history":[{"count":1,"href":"https:\/\/imprimeideas.es\/en\/wp-json\/wp\/v2\/product\/43367\/revisions"}],"predecessor-version":[{"id":55181,"href":"https:\/\/imprimeideas.es\/en\/wp-json\/wp\/v2\/product\/43367\/revisions\/55181"}],"wp:featuredmedia":[{"embeddable":true,"href":"https:\/\/imprimeideas.es\/en\/wp-json\/wp\/v2\/media\/84915"}],"wp:attachment":[{"href":"https:\/\/imprimeideas.es\/en\/wp-json\/wp\/v2\/media?parent=43367"}],"wp:term":[{"taxonomy":"product_brand","embeddable":true,"href":"https:\/\/imprimeideas.es\/en\/wp-json\/wp\/v2\/product_brand?post=43367"},{"taxonomy":"product_cat","embeddable":true,"href":"https:\/\/imprimeideas.es\/en\/wp-json\/wp\/v2\/product_cat?post=43367"},{"taxonomy":"product_tag","embeddable":true,"href":"https:\/\/imprimeideas.es\/en\/wp-json\/wp\/v2\/product_tag?post=43367"}],"curies":[{"name":"wp","href":"https:\/\/api.w.org\/{rel}","templated":true}]}}