{"id":43352,"date":"2026-02-24T11:30:33","date_gmt":"2026-02-24T10:30:33","guid":{"rendered":"https:\/\/imprimeideas.es\/?post_type=product&p=43352"},"modified":"2026-02-26T18:37:35","modified_gmt":"2026-02-26T17:37:35","slug":"cepillo-dientes-becu","status":"publish","type":"product","link":"https:\/\/imprimeideas.es\/en\/product\/cepillo-dientes-becu\/","title":{"rendered":"Cepillo Dientes Becu"},"content":{"rendered":"<p>Cepillo de dientes fabricado en bamb\u00fa. Para los m\u00e1s peque\u00f1os de casa, con cerdas y puntas en divertidos colores. Presentado individualmente en caja kraft. Materiales como el bamb\u00fa fomentan la utilizaci\u00f3n de materias primas naturales, reduciendo las emisiones contaminantes. Proviene de una planta de gran resistencia y versatilidad, con crecimiento y regeneraci\u00f3n r\u00e1pidos, siendo una excelente alternativa al uso de madera tradicional.<\/p>","protected":false},"excerpt":{"rendered":"<p>Cepillo de dientes fabricado en bamb\u00fa. Para los m\u00e1s peque\u00f1os de casa, con cerdas y puntas en divertidos colores. Presentado<\/p>","protected":false},"featured_media":44860,"comment_status":"open","ping_status":"open","template":"","meta":{"inline_featured_image":false},"product_brand":[],"product_cat":[122,107,108],"product_tag":[],"class_list":{"0":"post-43352","1":"product","2":"type-product","3":"status-publish","4":"has-post-thumbnail","6":"product_cat-articulos-sostenibles","7":"product_cat-cuidado-personal-y-pharma","8":"product_cat-infantil","10":"first","11":"instock","12":"taxable","13":"shipping-taxable","14":"purchasable","15":"product-type-variable","16":"has-default-attributes"},"aioseo_notices":[],"_links":{"self":[{"href":"https:\/\/imprimeideas.es\/en\/wp-json\/wp\/v2\/product\/43352","targetHints":{"allow":["GET"]}}],"collection":[{"href":"https:\/\/imprimeideas.es\/en\/wp-json\/wp\/v2\/product"}],"about":[{"href":"https:\/\/imprimeideas.es\/en\/wp-json\/wp\/v2\/types\/product"}],"replies":[{"embeddable":true,"href":"https:\/\/imprimeideas.es\/en\/wp-json\/wp\/v2\/comments?post=43352"}],"version-history":[{"count":1,"href":"https:\/\/imprimeideas.es\/en\/wp-json\/wp\/v2\/product\/43352\/revisions"}],"predecessor-version":[{"id":55178,"href":"https:\/\/imprimeideas.es\/en\/wp-json\/wp\/v2\/product\/43352\/revisions\/55178"}],"wp:featuredmedia":[{"embeddable":true,"href":"https:\/\/imprimeideas.es\/en\/wp-json\/wp\/v2\/media\/44860"}],"wp:attachment":[{"href":"https:\/\/imprimeideas.es\/en\/wp-json\/wp\/v2\/media?parent=43352"}],"wp:term":[{"taxonomy":"product_brand","embeddable":true,"href":"https:\/\/imprimeideas.es\/en\/wp-json\/wp\/v2\/product_brand?post=43352"},{"taxonomy":"product_cat","embeddable":true,"href":"https:\/\/imprimeideas.es\/en\/wp-json\/wp\/v2\/product_cat?post=43352"},{"taxonomy":"product_tag","embeddable":true,"href":"https:\/\/imprimeideas.es\/en\/wp-json\/wp\/v2\/product_tag?post=43352"}],"curies":[{"name":"wp","href":"https:\/\/api.w.org\/{rel}","templated":true}]}}