{"id":43350,"date":"2026-02-24T11:30:33","date_gmt":"2026-02-24T10:30:33","guid":{"rendered":"https:\/\/imprimeideas.es\/?post_type=product&p=43350"},"modified":"2026-02-26T18:19:34","modified_gmt":"2026-02-26T17:19:34","slug":"set-lowchen","status":"publish","type":"product","link":"https:\/\/imprimeideas.es\/en\/product\/set-lowchen\/","title":{"rendered":"Set Lowchen"},"content":{"rendered":"<p>Set de cepillo de dientes y reloj de arena fabricado en bamb\u00fa y ca\u00f1a de trigo. Incluye cepillo con mango ergon\u00f3mico hecho en suave bamb\u00fa con capucha protectora. Adem\u00e1s, incluye un reloj de arena de 2 minutos de duraci\u00f3n fabricado en ca\u00f1a de trigo. Presentado un pr\u00e1ctico estuche hecho de algod\u00f3n transpirable. La ca\u00f1a de trigo fomenta la utilizaci\u00f3n de materias primas naturales, reduciendo as\u00ed las emisiones contaminantes.<\/p>","protected":false},"excerpt":{"rendered":"<p>Cepillo Dientes Bamb\u00fa. Reloj Arena Ca\u00f1a de Trigo\/ ABS, 2 Minutos. Funda Algod\u00f3n<\/p>","protected":false},"featured_media":79964,"comment_status":"open","ping_status":"open","template":"","meta":{"inline_featured_image":false},"product_brand":[],"product_cat":[122,107,108],"product_tag":[],"class_list":{"0":"post-43350","1":"product","2":"type-product","3":"status-publish","4":"has-post-thumbnail","6":"product_cat-articulos-sostenibles","7":"product_cat-cuidado-personal-y-pharma","8":"product_cat-infantil","10":"first","11":"instock","12":"taxable","13":"shipping-taxable","14":"purchasable","15":"product-type-variable","16":"has-default-attributes"},"aioseo_notices":[],"_links":{"self":[{"href":"https:\/\/imprimeideas.es\/en\/wp-json\/wp\/v2\/product\/43350","targetHints":{"allow":["GET"]}}],"collection":[{"href":"https:\/\/imprimeideas.es\/en\/wp-json\/wp\/v2\/product"}],"about":[{"href":"https:\/\/imprimeideas.es\/en\/wp-json\/wp\/v2\/types\/product"}],"replies":[{"embeddable":true,"href":"https:\/\/imprimeideas.es\/en\/wp-json\/wp\/v2\/comments?post=43350"}],"version-history":[{"count":1,"href":"https:\/\/imprimeideas.es\/en\/wp-json\/wp\/v2\/product\/43350\/revisions"}],"predecessor-version":[{"id":55177,"href":"https:\/\/imprimeideas.es\/en\/wp-json\/wp\/v2\/product\/43350\/revisions\/55177"}],"wp:featuredmedia":[{"embeddable":true,"href":"https:\/\/imprimeideas.es\/en\/wp-json\/wp\/v2\/media\/79964"}],"wp:attachment":[{"href":"https:\/\/imprimeideas.es\/en\/wp-json\/wp\/v2\/media?parent=43350"}],"wp:term":[{"taxonomy":"product_brand","embeddable":true,"href":"https:\/\/imprimeideas.es\/en\/wp-json\/wp\/v2\/product_brand?post=43350"},{"taxonomy":"product_cat","embeddable":true,"href":"https:\/\/imprimeideas.es\/en\/wp-json\/wp\/v2\/product_cat?post=43350"},{"taxonomy":"product_tag","embeddable":true,"href":"https:\/\/imprimeideas.es\/en\/wp-json\/wp\/v2\/product_tag?post=43350"}],"curies":[{"name":"wp","href":"https:\/\/api.w.org\/{rel}","templated":true}]}}