{"id":43344,"date":"2026-02-24T11:30:33","date_gmt":"2026-02-24T10:30:33","guid":{"rendered":"https:\/\/imprimeideas.es\/?post_type=product&p=43344"},"modified":"2026-02-26T18:19:40","modified_gmt":"2026-02-26T17:19:40","slug":"bidon-dokmo","status":"publish","type":"product","link":"https:\/\/imprimeideas.es\/en\/product\/bidon-dokmo\/","title":{"rendered":"Bid\u00f3n Dokmo"},"content":{"rendered":"<p>Bid\u00f3n fabricado en RPET de 350 ml de capacidad, libre de BPA. Tap\u00f3n a rosca en acero inox, con cord\u00f3n de transporte. Disponible en variada gama de colores. Presentado en una bolsa de papel reciclado.Elaborado a partir de pl\u00e1stico reciclado, para as\u00ed fomentar la reutilizaci\u00f3n de residuos pl\u00e1sticos y ayudar a la sostenibilidad del planeta.<\/p>","protected":false},"excerpt":{"rendered":"<p>350 ml<\/p>","protected":false},"featured_media":86264,"comment_status":"open","ping_status":"open","template":"","meta":{"inline_featured_image":false},"product_brand":[],"product_cat":[122,108,97],"product_tag":[],"class_list":{"0":"post-43344","1":"product","2":"type-product","3":"status-publish","4":"has-post-thumbnail","6":"product_cat-articulos-sostenibles","7":"product_cat-infantil","8":"product_cat-tazas-jarras-y-termos","10":"first","11":"instock","12":"taxable","13":"shipping-taxable","14":"purchasable","15":"product-type-variable","16":"has-default-attributes"},"aioseo_notices":[],"_links":{"self":[{"href":"https:\/\/imprimeideas.es\/en\/wp-json\/wp\/v2\/product\/43344","targetHints":{"allow":["GET"]}}],"collection":[{"href":"https:\/\/imprimeideas.es\/en\/wp-json\/wp\/v2\/product"}],"about":[{"href":"https:\/\/imprimeideas.es\/en\/wp-json\/wp\/v2\/types\/product"}],"replies":[{"embeddable":true,"href":"https:\/\/imprimeideas.es\/en\/wp-json\/wp\/v2\/comments?post=43344"}],"version-history":[{"count":1,"href":"https:\/\/imprimeideas.es\/en\/wp-json\/wp\/v2\/product\/43344\/revisions"}],"predecessor-version":[{"id":55176,"href":"https:\/\/imprimeideas.es\/en\/wp-json\/wp\/v2\/product\/43344\/revisions\/55176"}],"wp:featuredmedia":[{"embeddable":true,"href":"https:\/\/imprimeideas.es\/en\/wp-json\/wp\/v2\/media\/86264"}],"wp:attachment":[{"href":"https:\/\/imprimeideas.es\/en\/wp-json\/wp\/v2\/media?parent=43344"}],"wp:term":[{"taxonomy":"product_brand","embeddable":true,"href":"https:\/\/imprimeideas.es\/en\/wp-json\/wp\/v2\/product_brand?post=43344"},{"taxonomy":"product_cat","embeddable":true,"href":"https:\/\/imprimeideas.es\/en\/wp-json\/wp\/v2\/product_cat?post=43344"},{"taxonomy":"product_tag","embeddable":true,"href":"https:\/\/imprimeideas.es\/en\/wp-json\/wp\/v2\/product_tag?post=43344"}],"curies":[{"name":"wp","href":"https:\/\/api.w.org\/{rel}","templated":true}]}}