{"id":43332,"date":"2026-02-24T11:30:31","date_gmt":"2026-02-24T10:30:31","guid":{"rendered":"https:\/\/imprimeideas.es\/?post_type=product&p=43332"},"modified":"2026-02-26T18:19:34","modified_gmt":"2026-02-26T17:19:34","slug":"yoyo-dopey","status":"publish","type":"product","link":"https:\/\/imprimeideas.es\/en\/product\/yoyo-dopey\/","title":{"rendered":"Yoyo Dopey"},"content":{"rendered":"<p>Divertido yoy\u00f3 fabricado en resistente ca\u00f1a de trigo, para retumblererar los juegos cl\u00e1sicos m\u00e1s divertidos. Disponible en varios y llamativos colores. Con hilo rizado de algod\u00f3n en color blanco de 100 cm.La Ca\u00f1a de Trigo fomenta la utilizaci\u00f3n de materias primas naturales, reduciendo as\u00ed las emisiones contaminantes.<\/p>","protected":false},"excerpt":{"rendered":"<p>Divertido yoy\u00f3 fabricado en resistente ca\u00f1a de trigo, para retumblererar los juegos cl\u00e1sicos m\u00e1s divertidos. Disponible en varios y llamativos<\/p>","protected":false},"featured_media":83715,"comment_status":"open","ping_status":"open","template":"","meta":{"inline_featured_image":false},"product_brand":[],"product_cat":[122,108],"product_tag":[],"class_list":{"0":"post-43332","1":"product","2":"type-product","3":"status-publish","4":"has-post-thumbnail","6":"product_cat-articulos-sostenibles","7":"product_cat-infantil","9":"first","10":"instock","11":"taxable","12":"shipping-taxable","13":"purchasable","14":"product-type-variable","15":"has-default-attributes"},"aioseo_notices":[],"_links":{"self":[{"href":"https:\/\/imprimeideas.es\/en\/wp-json\/wp\/v2\/product\/43332","targetHints":{"allow":["GET"]}}],"collection":[{"href":"https:\/\/imprimeideas.es\/en\/wp-json\/wp\/v2\/product"}],"about":[{"href":"https:\/\/imprimeideas.es\/en\/wp-json\/wp\/v2\/types\/product"}],"replies":[{"embeddable":true,"href":"https:\/\/imprimeideas.es\/en\/wp-json\/wp\/v2\/comments?post=43332"}],"version-history":[{"count":1,"href":"https:\/\/imprimeideas.es\/en\/wp-json\/wp\/v2\/product\/43332\/revisions"}],"predecessor-version":[{"id":55172,"href":"https:\/\/imprimeideas.es\/en\/wp-json\/wp\/v2\/product\/43332\/revisions\/55172"}],"wp:featuredmedia":[{"embeddable":true,"href":"https:\/\/imprimeideas.es\/en\/wp-json\/wp\/v2\/media\/83715"}],"wp:attachment":[{"href":"https:\/\/imprimeideas.es\/en\/wp-json\/wp\/v2\/media?parent=43332"}],"wp:term":[{"taxonomy":"product_brand","embeddable":true,"href":"https:\/\/imprimeideas.es\/en\/wp-json\/wp\/v2\/product_brand?post=43332"},{"taxonomy":"product_cat","embeddable":true,"href":"https:\/\/imprimeideas.es\/en\/wp-json\/wp\/v2\/product_cat?post=43332"},{"taxonomy":"product_tag","embeddable":true,"href":"https:\/\/imprimeideas.es\/en\/wp-json\/wp\/v2\/product_tag?post=43332"}],"curies":[{"name":"wp","href":"https:\/\/api.w.org\/{rel}","templated":true}]}}