{"id":43330,"date":"2026-02-24T11:30:31","date_gmt":"2026-02-24T10:30:31","guid":{"rendered":"https:\/\/imprimeideas.es\/?post_type=product&p=43330"},"modified":"2026-02-26T18:37:39","modified_gmt":"2026-02-26T17:37:39","slug":"tablet-escritura-lcd-arraky","status":"publish","type":"product","link":"https:\/\/imprimeideas.es\/en\/product\/tablet-escritura-lcd-arraky\/","title":{"rendered":"Tablet Escritura LCD Arraky"},"content":{"rendered":"<p>Tableta LCD para escritura en resistente material, con fijaci\u00f3n magn\u00e9tica y soporte para el l\u00e1piz. Pantalla LCD de 4,5 pulgadas, con l\u00e1piz incluido, bot\u00f3n de borrado, bloqueo anti borrado y pila de bot\u00f3n incluida. Presentado en caja de dise\u00f1o kraft.<\/p>","protected":false},"excerpt":{"rendered":"<p>L\u00e1piz y Pila Bot\u00f3n Incluida<\/p>","protected":false},"featured_media":74125,"comment_status":"open","ping_status":"open","template":"","meta":{"inline_featured_image":false},"product_brand":[],"product_cat":[108],"product_tag":[],"class_list":{"0":"post-43330","1":"product","2":"type-product","3":"status-publish","4":"has-post-thumbnail","6":"product_cat-infantil","8":"first","9":"outofstock","10":"taxable","11":"shipping-taxable","12":"purchasable","13":"product-type-variable","14":"has-default-attributes"},"aioseo_notices":[],"_links":{"self":[{"href":"https:\/\/imprimeideas.es\/en\/wp-json\/wp\/v2\/product\/43330","targetHints":{"allow":["GET"]}}],"collection":[{"href":"https:\/\/imprimeideas.es\/en\/wp-json\/wp\/v2\/product"}],"about":[{"href":"https:\/\/imprimeideas.es\/en\/wp-json\/wp\/v2\/types\/product"}],"replies":[{"embeddable":true,"href":"https:\/\/imprimeideas.es\/en\/wp-json\/wp\/v2\/comments?post=43330"}],"version-history":[{"count":1,"href":"https:\/\/imprimeideas.es\/en\/wp-json\/wp\/v2\/product\/43330\/revisions"}],"predecessor-version":[{"id":55171,"href":"https:\/\/imprimeideas.es\/en\/wp-json\/wp\/v2\/product\/43330\/revisions\/55171"}],"wp:featuredmedia":[{"embeddable":true,"href":"https:\/\/imprimeideas.es\/en\/wp-json\/wp\/v2\/media\/74125"}],"wp:attachment":[{"href":"https:\/\/imprimeideas.es\/en\/wp-json\/wp\/v2\/media?parent=43330"}],"wp:term":[{"taxonomy":"product_brand","embeddable":true,"href":"https:\/\/imprimeideas.es\/en\/wp-json\/wp\/v2\/product_brand?post=43330"},{"taxonomy":"product_cat","embeddable":true,"href":"https:\/\/imprimeideas.es\/en\/wp-json\/wp\/v2\/product_cat?post=43330"},{"taxonomy":"product_tag","embeddable":true,"href":"https:\/\/imprimeideas.es\/en\/wp-json\/wp\/v2\/product_tag?post=43330"}],"curies":[{"name":"wp","href":"https:\/\/api.w.org\/{rel}","templated":true}]}}