{"id":43325,"date":"2026-02-24T11:30:30","date_gmt":"2026-02-24T10:30:30","guid":{"rendered":"https:\/\/imprimeideas.es\/?post_type=product&p=43325"},"modified":"2026-02-26T18:42:35","modified_gmt":"2026-02-26T17:42:35","slug":"luz-seguridad-elektra","status":"publish","type":"product","link":"https:\/\/imprimeideas.es\/en\/product\/luz-seguridad-elektra\/","title":{"rendered":"Luz Seguridad Elektra"},"content":{"rendered":"<p>Luz de seguridad de alta visibilidad. Dispone de 3 luces LEDs, con posici\u00f3n de iluminaci\u00f3n fija -dos niveles de intensidad-, e intermitente. Con mosquet\u00f3n giratorio y disponible en colores vivos. Alimentada por pila de bot\u00f3n (incluida) y presentada individualmente en caja de dise\u00f1o kraft.<\/p>","protected":false},"excerpt":{"rendered":"<p>3 Ledes. 3 Posiciones de Luz, Fija e Intermitente. Pilas Bot\u00f3n Incluidas<\/p>","protected":false},"featured_media":71805,"comment_status":"open","ping_status":"open","template":"","meta":{"inline_featured_image":false},"product_brand":[],"product_cat":[108],"product_tag":[],"class_list":{"0":"post-43325","1":"product","2":"type-product","3":"status-publish","4":"has-post-thumbnail","6":"product_cat-infantil","8":"first","9":"instock","10":"taxable","11":"shipping-taxable","12":"purchasable","13":"product-type-variable","14":"has-default-attributes"},"aioseo_notices":[],"_links":{"self":[{"href":"https:\/\/imprimeideas.es\/en\/wp-json\/wp\/v2\/product\/43325","targetHints":{"allow":["GET"]}}],"collection":[{"href":"https:\/\/imprimeideas.es\/en\/wp-json\/wp\/v2\/product"}],"about":[{"href":"https:\/\/imprimeideas.es\/en\/wp-json\/wp\/v2\/types\/product"}],"replies":[{"embeddable":true,"href":"https:\/\/imprimeideas.es\/en\/wp-json\/wp\/v2\/comments?post=43325"}],"version-history":[{"count":1,"href":"https:\/\/imprimeideas.es\/en\/wp-json\/wp\/v2\/product\/43325\/revisions"}],"predecessor-version":[{"id":55169,"href":"https:\/\/imprimeideas.es\/en\/wp-json\/wp\/v2\/product\/43325\/revisions\/55169"}],"wp:featuredmedia":[{"embeddable":true,"href":"https:\/\/imprimeideas.es\/en\/wp-json\/wp\/v2\/media\/71805"}],"wp:attachment":[{"href":"https:\/\/imprimeideas.es\/en\/wp-json\/wp\/v2\/media?parent=43325"}],"wp:term":[{"taxonomy":"product_brand","embeddable":true,"href":"https:\/\/imprimeideas.es\/en\/wp-json\/wp\/v2\/product_brand?post=43325"},{"taxonomy":"product_cat","embeddable":true,"href":"https:\/\/imprimeideas.es\/en\/wp-json\/wp\/v2\/product_cat?post=43325"},{"taxonomy":"product_tag","embeddable":true,"href":"https:\/\/imprimeideas.es\/en\/wp-json\/wp\/v2\/product_tag?post=43325"}],"curies":[{"name":"wp","href":"https:\/\/api.w.org\/{rel}","templated":true}]}}