{"id":43323,"date":"2026-02-24T11:30:30","date_gmt":"2026-02-24T10:30:30","guid":{"rendered":"https:\/\/imprimeideas.es\/?post_type=product&p=43323"},"modified":"2026-02-26T18:33:00","modified_gmt":"2026-02-26T17:33:00","slug":"silbato-pincher","status":"publish","type":"product","link":"https:\/\/imprimeideas.es\/en\/product\/silbato-pincher\/","title":{"rendered":"Silbato Pincher"},"content":{"rendered":"<p>Ingenioso silbato multiusos con luz integrada en el cuerpo. Fabricado en resistente ABS, con 6 luces COB y varias posiciones de iluminaci\u00f3n: fija con dos niveles de intensidad e intermitente para una mayor visibilidad. Cord\u00f3n para un c\u00f3modo transporte y est\u00e1 alimentado por una pila de bot\u00f3n (incluida). Presentado en caja de dise\u00f1o kraft.<\/p>","protected":false},"excerpt":{"rendered":"<p>6 Luces COB. 3 Posiciones de Luz, Fija e Intermitente. Pilas Bot\u00f3n Incluidas<\/p>","protected":false},"featured_media":70539,"comment_status":"open","ping_status":"open","template":"","meta":{"inline_featured_image":false},"product_brand":[],"product_cat":[122,108],"product_tag":[],"class_list":{"0":"post-43323","1":"product","2":"type-product","3":"status-publish","4":"has-post-thumbnail","6":"product_cat-articulos-sostenibles","7":"product_cat-infantil","9":"first","10":"outofstock","11":"taxable","12":"shipping-taxable","13":"purchasable","14":"product-type-variable","15":"has-default-attributes"},"aioseo_notices":[],"_links":{"self":[{"href":"https:\/\/imprimeideas.es\/en\/wp-json\/wp\/v2\/product\/43323","targetHints":{"allow":["GET"]}}],"collection":[{"href":"https:\/\/imprimeideas.es\/en\/wp-json\/wp\/v2\/product"}],"about":[{"href":"https:\/\/imprimeideas.es\/en\/wp-json\/wp\/v2\/types\/product"}],"replies":[{"embeddable":true,"href":"https:\/\/imprimeideas.es\/en\/wp-json\/wp\/v2\/comments?post=43323"}],"version-history":[{"count":1,"href":"https:\/\/imprimeideas.es\/en\/wp-json\/wp\/v2\/product\/43323\/revisions"}],"predecessor-version":[{"id":55168,"href":"https:\/\/imprimeideas.es\/en\/wp-json\/wp\/v2\/product\/43323\/revisions\/55168"}],"wp:featuredmedia":[{"embeddable":true,"href":"https:\/\/imprimeideas.es\/en\/wp-json\/wp\/v2\/media\/70539"}],"wp:attachment":[{"href":"https:\/\/imprimeideas.es\/en\/wp-json\/wp\/v2\/media?parent=43323"}],"wp:term":[{"taxonomy":"product_brand","embeddable":true,"href":"https:\/\/imprimeideas.es\/en\/wp-json\/wp\/v2\/product_brand?post=43323"},{"taxonomy":"product_cat","embeddable":true,"href":"https:\/\/imprimeideas.es\/en\/wp-json\/wp\/v2\/product_cat?post=43323"},{"taxonomy":"product_tag","embeddable":true,"href":"https:\/\/imprimeideas.es\/en\/wp-json\/wp\/v2\/product_tag?post=43323"}],"curies":[{"name":"wp","href":"https:\/\/api.w.org\/{rel}","templated":true}]}}