{"id":43321,"date":"2026-02-24T11:30:30","date_gmt":"2026-02-24T10:30:30","guid":{"rendered":"https:\/\/imprimeideas.es\/?post_type=product&p=43321"},"modified":"2026-02-26T18:13:39","modified_gmt":"2026-02-26T17:13:39","slug":"set-frensi","status":"publish","type":"product","link":"https:\/\/imprimeideas.es\/en\/product\/set-frensi\/","title":{"rendered":"Set Frensi"},"content":{"rendered":"<p>Set de 5 piezas fabricado en ca\u00f1a de trigo. Incluye 2 l\u00e1pices de madera con mina negra y cuerpo cil\u00edndrico blanco; goma y sacapuntas. Presentado en estuche\/regla de 20 cm\/8 pulgadas, con compartimentos para los distintos elementos del set. Presentado individualmente en una bolsa de papel blanca. La ca\u00f1a de trigo fomenta la utilizaci\u00f3n de materias primas naturales, reduciendo as\u00ed las emisiones contaminantes.<\/p>","protected":false},"excerpt":{"rendered":"<p>5 Piezas<\/p>","protected":false},"featured_media":67083,"comment_status":"open","ping_status":"open","template":"","meta":{"inline_featured_image":false},"product_brand":[],"product_cat":[122,108],"product_tag":[],"class_list":{"0":"post-43321","1":"product","2":"type-product","3":"status-publish","4":"has-post-thumbnail","6":"product_cat-articulos-sostenibles","7":"product_cat-infantil","9":"first","10":"instock","11":"taxable","12":"shipping-taxable","13":"purchasable","14":"product-type-variable","15":"has-default-attributes"},"aioseo_notices":[],"_links":{"self":[{"href":"https:\/\/imprimeideas.es\/en\/wp-json\/wp\/v2\/product\/43321","targetHints":{"allow":["GET"]}}],"collection":[{"href":"https:\/\/imprimeideas.es\/en\/wp-json\/wp\/v2\/product"}],"about":[{"href":"https:\/\/imprimeideas.es\/en\/wp-json\/wp\/v2\/types\/product"}],"replies":[{"embeddable":true,"href":"https:\/\/imprimeideas.es\/en\/wp-json\/wp\/v2\/comments?post=43321"}],"version-history":[{"count":1,"href":"https:\/\/imprimeideas.es\/en\/wp-json\/wp\/v2\/product\/43321\/revisions"}],"predecessor-version":[{"id":55167,"href":"https:\/\/imprimeideas.es\/en\/wp-json\/wp\/v2\/product\/43321\/revisions\/55167"}],"wp:featuredmedia":[{"embeddable":true,"href":"https:\/\/imprimeideas.es\/en\/wp-json\/wp\/v2\/media\/67083"}],"wp:attachment":[{"href":"https:\/\/imprimeideas.es\/en\/wp-json\/wp\/v2\/media?parent=43321"}],"wp:term":[{"taxonomy":"product_brand","embeddable":true,"href":"https:\/\/imprimeideas.es\/en\/wp-json\/wp\/v2\/product_brand?post=43321"},{"taxonomy":"product_cat","embeddable":true,"href":"https:\/\/imprimeideas.es\/en\/wp-json\/wp\/v2\/product_cat?post=43321"},{"taxonomy":"product_tag","embeddable":true,"href":"https:\/\/imprimeideas.es\/en\/wp-json\/wp\/v2\/product_tag?post=43321"}],"curies":[{"name":"wp","href":"https:\/\/api.w.org\/{rel}","templated":true}]}}