{"id":43319,"date":"2026-02-24T11:30:30","date_gmt":"2026-02-24T10:30:30","guid":{"rendered":"https:\/\/imprimeideas.es\/?post_type=product&p=43319"},"modified":"2026-02-26T18:08:09","modified_gmt":"2026-02-26T17:08:09","slug":"regla-nixora","status":"publish","type":"product","link":"https:\/\/imprimeideas.es\/en\/product\/regla-nixora\/","title":{"rendered":"Regla Nixora"},"content":{"rendered":"<p>Sostenible regla de 30cm fabricada con ca\u00f1a de trigo. Herramienta en perfecta combinaci\u00f3n de funcionalidad y ecolog\u00eda, siendo una elecci\u00f3n respetuosa con el medio.La ca\u00f1a de trigo fomenta la utilizaci\u00f3n de materias primas naturales, reduciendo as\u00ed las emisiones contaminantes.<\/p>","protected":false},"excerpt":{"rendered":"<p>30 cm<\/p>","protected":false},"featured_media":82530,"comment_status":"open","ping_status":"open","template":"","meta":{"inline_featured_image":false},"product_brand":[],"product_cat":[122,108],"product_tag":[],"class_list":{"0":"post-43319","1":"product","2":"type-product","3":"status-publish","4":"has-post-thumbnail","6":"product_cat-articulos-sostenibles","7":"product_cat-infantil","9":"first","10":"outofstock","11":"taxable","12":"shipping-taxable","13":"purchasable","14":"product-type-variable","15":"has-default-attributes"},"aioseo_notices":[],"_links":{"self":[{"href":"https:\/\/imprimeideas.es\/en\/wp-json\/wp\/v2\/product\/43319","targetHints":{"allow":["GET"]}}],"collection":[{"href":"https:\/\/imprimeideas.es\/en\/wp-json\/wp\/v2\/product"}],"about":[{"href":"https:\/\/imprimeideas.es\/en\/wp-json\/wp\/v2\/types\/product"}],"replies":[{"embeddable":true,"href":"https:\/\/imprimeideas.es\/en\/wp-json\/wp\/v2\/comments?post=43319"}],"version-history":[{"count":1,"href":"https:\/\/imprimeideas.es\/en\/wp-json\/wp\/v2\/product\/43319\/revisions"}],"predecessor-version":[{"id":55166,"href":"https:\/\/imprimeideas.es\/en\/wp-json\/wp\/v2\/product\/43319\/revisions\/55166"}],"wp:featuredmedia":[{"embeddable":true,"href":"https:\/\/imprimeideas.es\/en\/wp-json\/wp\/v2\/media\/82530"}],"wp:attachment":[{"href":"https:\/\/imprimeideas.es\/en\/wp-json\/wp\/v2\/media?parent=43319"}],"wp:term":[{"taxonomy":"product_brand","embeddable":true,"href":"https:\/\/imprimeideas.es\/en\/wp-json\/wp\/v2\/product_brand?post=43319"},{"taxonomy":"product_cat","embeddable":true,"href":"https:\/\/imprimeideas.es\/en\/wp-json\/wp\/v2\/product_cat?post=43319"},{"taxonomy":"product_tag","embeddable":true,"href":"https:\/\/imprimeideas.es\/en\/wp-json\/wp\/v2\/product_tag?post=43319"}],"curies":[{"name":"wp","href":"https:\/\/api.w.org\/{rel}","templated":true}]}}