{"id":43313,"date":"2026-02-24T11:30:29","date_gmt":"2026-02-24T10:30:29","guid":{"rendered":"https:\/\/imprimeideas.es\/?post_type=product&p=43313"},"modified":"2026-02-26T18:27:53","modified_gmt":"2026-02-26T17:27:53","slug":"sacapuntas-dilaver","status":"publish","type":"product","link":"https:\/\/imprimeideas.es\/en\/product\/sacapuntas-dilaver\/","title":{"rendered":"Sacapuntas Dilaver"},"content":{"rendered":"<p>Original sacapuntas fabricado en ca\u00f1a de trigo y bamb\u00fa. F\u00e1cil y c\u00f3modo de usar con dos sacapuntas de di\u00e1 metros diferentes; hechos en ca\u00f1a de trigo para afilar l\u00e1pices diferentes. Adem\u00e1s, tiene contenedor hecho en bamb\u00fa para guardar la viruta. La ca\u00f1a de trigo fomenta la utilizaci\u00f3n de materias primas naturales, reduciendo as\u00ed las emisiones contaminantes.Materiales como el bamb\u00fa fomentan la utilizaci\u00f3n de materias primas naturales, reduciendo las emisiones contaminantes. Proviene de una planta de gran resistencia y versatilidad, con crecimiento y regeneraci\u00f3n r\u00e1pidos, siendo una excelente alternativa al uso de madera tradicional.<\/p>","protected":false},"excerpt":{"rendered":"<p>Original sacapuntas fabricado en ca\u00f1a de trigo y bamb\u00fa. F\u00e1cil y c\u00f3modo de usar con dos sacapuntas de di\u00e1 metros<\/p>","protected":false},"featured_media":85605,"comment_status":"open","ping_status":"open","template":"","meta":{"inline_featured_image":false},"product_brand":[],"product_cat":[122,108,96],"product_tag":[],"class_list":{"0":"post-43313","1":"product","2":"type-product","3":"status-publish","4":"has-post-thumbnail","6":"product_cat-articulos-sostenibles","7":"product_cat-infantil","8":"product_cat-oficina-y-negocios","10":"first","11":"instock","12":"taxable","13":"shipping-taxable","14":"purchasable","15":"product-type-variable","16":"has-default-attributes"},"aioseo_notices":[],"_links":{"self":[{"href":"https:\/\/imprimeideas.es\/en\/wp-json\/wp\/v2\/product\/43313","targetHints":{"allow":["GET"]}}],"collection":[{"href":"https:\/\/imprimeideas.es\/en\/wp-json\/wp\/v2\/product"}],"about":[{"href":"https:\/\/imprimeideas.es\/en\/wp-json\/wp\/v2\/types\/product"}],"replies":[{"embeddable":true,"href":"https:\/\/imprimeideas.es\/en\/wp-json\/wp\/v2\/comments?post=43313"}],"version-history":[{"count":1,"href":"https:\/\/imprimeideas.es\/en\/wp-json\/wp\/v2\/product\/43313\/revisions"}],"predecessor-version":[{"id":55163,"href":"https:\/\/imprimeideas.es\/en\/wp-json\/wp\/v2\/product\/43313\/revisions\/55163"}],"wp:featuredmedia":[{"embeddable":true,"href":"https:\/\/imprimeideas.es\/en\/wp-json\/wp\/v2\/media\/85605"}],"wp:attachment":[{"href":"https:\/\/imprimeideas.es\/en\/wp-json\/wp\/v2\/media?parent=43313"}],"wp:term":[{"taxonomy":"product_brand","embeddable":true,"href":"https:\/\/imprimeideas.es\/en\/wp-json\/wp\/v2\/product_brand?post=43313"},{"taxonomy":"product_cat","embeddable":true,"href":"https:\/\/imprimeideas.es\/en\/wp-json\/wp\/v2\/product_cat?post=43313"},{"taxonomy":"product_tag","embeddable":true,"href":"https:\/\/imprimeideas.es\/en\/wp-json\/wp\/v2\/product_tag?post=43313"}],"curies":[{"name":"wp","href":"https:\/\/api.w.org\/{rel}","templated":true}]}}