{"id":43305,"date":"2026-02-24T11:30:28","date_gmt":"2026-02-24T10:30:28","guid":{"rendered":"https:\/\/imprimeideas.es\/?post_type=product&p=43305"},"modified":"2026-02-26T18:23:12","modified_gmt":"2026-02-26T17:23:12","slug":"lapiz-eterno-astril","status":"publish","type":"product","link":"https:\/\/imprimeideas.es\/en\/product\/lapiz-eterno-astril\/","title":{"rendered":"L\u00e1piz Eterno Astril"},"content":{"rendered":"<p>L\u00e1piz eterno fabricado en resistente ABS. Reutilizable y con escritura infinita, para usar siempre el mismo l\u00e1piz y no generar residuos. Incluye goma de borrar en la parte superior del l\u00e1piz, capucha para proteger la punta, con estilo elegante combinando elementos de colores con elementos en plata. Disponible en una amplia gama de colores.<\/p>","protected":false},"excerpt":{"rendered":"<p>L\u00e1piz eterno fabricado en resistente ABS. Reutilizable y con escritura infinita, para usar siempre el mismo l\u00e1piz y no generar<\/p>","protected":false},"featured_media":43998,"comment_status":"open","ping_status":"open","template":"","meta":{"inline_featured_image":false},"product_brand":[],"product_cat":[122,100,108],"product_tag":[],"class_list":{"0":"post-43305","1":"product","2":"type-product","3":"status-publish","4":"has-post-thumbnail","6":"product_cat-articulos-sostenibles","7":"product_cat-escritura","8":"product_cat-infantil","10":"first","11":"instock","12":"taxable","13":"shipping-taxable","14":"purchasable","15":"product-type-variable","16":"has-default-attributes"},"aioseo_notices":[],"_links":{"self":[{"href":"https:\/\/imprimeideas.es\/en\/wp-json\/wp\/v2\/product\/43305","targetHints":{"allow":["GET"]}}],"collection":[{"href":"https:\/\/imprimeideas.es\/en\/wp-json\/wp\/v2\/product"}],"about":[{"href":"https:\/\/imprimeideas.es\/en\/wp-json\/wp\/v2\/types\/product"}],"replies":[{"embeddable":true,"href":"https:\/\/imprimeideas.es\/en\/wp-json\/wp\/v2\/comments?post=43305"}],"version-history":[{"count":1,"href":"https:\/\/imprimeideas.es\/en\/wp-json\/wp\/v2\/product\/43305\/revisions"}],"predecessor-version":[{"id":55162,"href":"https:\/\/imprimeideas.es\/en\/wp-json\/wp\/v2\/product\/43305\/revisions\/55162"}],"wp:featuredmedia":[{"embeddable":true,"href":"https:\/\/imprimeideas.es\/en\/wp-json\/wp\/v2\/media\/43998"}],"wp:attachment":[{"href":"https:\/\/imprimeideas.es\/en\/wp-json\/wp\/v2\/media?parent=43305"}],"wp:term":[{"taxonomy":"product_brand","embeddable":true,"href":"https:\/\/imprimeideas.es\/en\/wp-json\/wp\/v2\/product_brand?post=43305"},{"taxonomy":"product_cat","embeddable":true,"href":"https:\/\/imprimeideas.es\/en\/wp-json\/wp\/v2\/product_cat?post=43305"},{"taxonomy":"product_tag","embeddable":true,"href":"https:\/\/imprimeideas.es\/en\/wp-json\/wp\/v2\/product_tag?post=43305"}],"curies":[{"name":"wp","href":"https:\/\/api.w.org\/{rel}","templated":true}]}}