{"id":43297,"date":"2026-02-24T11:30:27","date_gmt":"2026-02-24T10:30:27","guid":{"rendered":"https:\/\/imprimeideas.es\/?post_type=product&p=43297"},"modified":"2026-02-26T18:08:05","modified_gmt":"2026-02-26T17:08:05","slug":"lapiz-eterno-baxter","status":"publish","type":"product","link":"https:\/\/imprimeideas.es\/en\/product\/lapiz-eterno-baxter\/","title":{"rendered":"L\u00e1piz Eterno Baxter"},"content":{"rendered":"<p>L\u00e1piz eterno fabricado en RABS. Reutilizable y con escritura infinita, para usar siempre el mismo l\u00e1piz y no generar residuos. Incluye goma de borrar en la parte superior del l\u00e1piz y capucha para proteger la punta. Con logotipo RABS en un extremo de la ca\u00f1a. Disponible en una amplia gama de colores.El RABS es un pl\u00e1stico altamente reciclable de gran resistencia y con multitud de aplicaciones que lo convierte en una soluci\u00f3n eco-friendly. con certificaci\u00f3n RCS, que garantiza el origen reciclado del mismo.<\/p>","protected":false},"excerpt":{"rendered":"<p>L\u00e1piz eterno fabricado en RABS. Reutilizable y con escritura infinita, para usar siempre el mismo l\u00e1piz y no generar residuos.<\/p>","protected":false},"featured_media":77435,"comment_status":"open","ping_status":"open","template":"","meta":{"inline_featured_image":false},"product_brand":[],"product_cat":[122,100,108],"product_tag":[],"class_list":{"0":"post-43297","1":"product","2":"type-product","3":"status-publish","4":"has-post-thumbnail","6":"product_cat-articulos-sostenibles","7":"product_cat-escritura","8":"product_cat-infantil","10":"first","11":"instock","12":"taxable","13":"shipping-taxable","14":"purchasable","15":"product-type-variable","16":"has-default-attributes"},"aioseo_notices":[],"_links":{"self":[{"href":"https:\/\/imprimeideas.es\/en\/wp-json\/wp\/v2\/product\/43297","targetHints":{"allow":["GET"]}}],"collection":[{"href":"https:\/\/imprimeideas.es\/en\/wp-json\/wp\/v2\/product"}],"about":[{"href":"https:\/\/imprimeideas.es\/en\/wp-json\/wp\/v2\/types\/product"}],"replies":[{"embeddable":true,"href":"https:\/\/imprimeideas.es\/en\/wp-json\/wp\/v2\/comments?post=43297"}],"version-history":[{"count":1,"href":"https:\/\/imprimeideas.es\/en\/wp-json\/wp\/v2\/product\/43297\/revisions"}],"predecessor-version":[{"id":55161,"href":"https:\/\/imprimeideas.es\/en\/wp-json\/wp\/v2\/product\/43297\/revisions\/55161"}],"wp:featuredmedia":[{"embeddable":true,"href":"https:\/\/imprimeideas.es\/en\/wp-json\/wp\/v2\/media\/77435"}],"wp:attachment":[{"href":"https:\/\/imprimeideas.es\/en\/wp-json\/wp\/v2\/media?parent=43297"}],"wp:term":[{"taxonomy":"product_brand","embeddable":true,"href":"https:\/\/imprimeideas.es\/en\/wp-json\/wp\/v2\/product_brand?post=43297"},{"taxonomy":"product_cat","embeddable":true,"href":"https:\/\/imprimeideas.es\/en\/wp-json\/wp\/v2\/product_cat?post=43297"},{"taxonomy":"product_tag","embeddable":true,"href":"https:\/\/imprimeideas.es\/en\/wp-json\/wp\/v2\/product_tag?post=43297"}],"curies":[{"name":"wp","href":"https:\/\/api.w.org\/{rel}","templated":true}]}}