{"id":43289,"date":"2026-02-24T11:30:26","date_gmt":"2026-02-24T10:30:26","guid":{"rendered":"https:\/\/imprimeideas.es\/?post_type=product&p=43289"},"modified":"2026-02-26T18:42:28","modified_gmt":"2026-02-26T17:42:28","slug":"caja-lapices-semillas-delar","status":"publish","type":"product","link":"https:\/\/imprimeideas.es\/en\/product\/caja-lapices-semillas-delar\/","title":{"rendered":"Caja L\u00e1pices Semillas Delar"},"content":{"rendered":"<p>Set de 6 l\u00e1pices en caja de cart\u00f3n natural con semillas. L\u00e1pices de madera con cuerpo hexagonal de acabado natural y minas en variada gama de colores. Incluye semillas de petunia en la caja, convirti\u00e9ndolo as\u00ed en cart\u00f3n plantable al final de su vida \u00fatil. Flores en colores surtidos, con instrucciones de plantado en la cubierta trasera.<\/p>","protected":false},"excerpt":{"rendered":"<p>6 L\u00e1pices. Semillas de Petunia Incluidas. Flores Colores Surtidos<\/p>","protected":false},"featured_media":80766,"comment_status":"open","ping_status":"open","template":"","meta":{"inline_featured_image":false},"product_brand":[],"product_cat":[122,100,108],"product_tag":[],"class_list":{"0":"post-43289","1":"product","2":"type-product","3":"status-publish","4":"has-post-thumbnail","6":"product_cat-articulos-sostenibles","7":"product_cat-escritura","8":"product_cat-infantil","10":"first","11":"instock","12":"taxable","13":"shipping-taxable","14":"purchasable","15":"product-type-variable","16":"has-default-attributes"},"aioseo_notices":[],"_links":{"self":[{"href":"https:\/\/imprimeideas.es\/en\/wp-json\/wp\/v2\/product\/43289","targetHints":{"allow":["GET"]}}],"collection":[{"href":"https:\/\/imprimeideas.es\/en\/wp-json\/wp\/v2\/product"}],"about":[{"href":"https:\/\/imprimeideas.es\/en\/wp-json\/wp\/v2\/types\/product"}],"replies":[{"embeddable":true,"href":"https:\/\/imprimeideas.es\/en\/wp-json\/wp\/v2\/comments?post=43289"}],"version-history":[{"count":1,"href":"https:\/\/imprimeideas.es\/en\/wp-json\/wp\/v2\/product\/43289\/revisions"}],"predecessor-version":[{"id":55157,"href":"https:\/\/imprimeideas.es\/en\/wp-json\/wp\/v2\/product\/43289\/revisions\/55157"}],"wp:featuredmedia":[{"embeddable":true,"href":"https:\/\/imprimeideas.es\/en\/wp-json\/wp\/v2\/media\/80766"}],"wp:attachment":[{"href":"https:\/\/imprimeideas.es\/en\/wp-json\/wp\/v2\/media?parent=43289"}],"wp:term":[{"taxonomy":"product_brand","embeddable":true,"href":"https:\/\/imprimeideas.es\/en\/wp-json\/wp\/v2\/product_brand?post=43289"},{"taxonomy":"product_cat","embeddable":true,"href":"https:\/\/imprimeideas.es\/en\/wp-json\/wp\/v2\/product_cat?post=43289"},{"taxonomy":"product_tag","embeddable":true,"href":"https:\/\/imprimeideas.es\/en\/wp-json\/wp\/v2\/product_tag?post=43289"}],"curies":[{"name":"wp","href":"https:\/\/api.w.org\/{rel}","templated":true}]}}