{"id":43285,"date":"2026-02-24T11:30:26","date_gmt":"2026-02-24T10:30:26","guid":{"rendered":"https:\/\/imprimeideas.es\/?post_type=product&p=43285"},"modified":"2026-02-26T18:23:24","modified_gmt":"2026-02-26T17:23:24","slug":"set-clumber","status":"publish","type":"product","link":"https:\/\/imprimeideas.es\/en\/product\/set-clumber\/","title":{"rendered":"Set Clumber"},"content":{"rendered":"<p>Set para colorear hecho en cart\u00f3n reciclado. Divertido conjunto de dibujos y l\u00e1pices de colores en una pr\u00e1ctica carpeta con asas. Incluye:Bloc de 20 hojas con dibujos de naturaleza para colorear.Caja con 6 l\u00e1pices de madera con minas en multitud de colores.Sacapuntas.Goma de borrar.<\/p>","protected":false},"excerpt":{"rendered":"<p>9 Piezas. Bloc 20 Hojas<\/p>","protected":false},"featured_media":65285,"comment_status":"open","ping_status":"open","template":"","meta":{"inline_featured_image":false},"product_brand":[],"product_cat":[108],"product_tag":[],"class_list":{"0":"post-43285","1":"product","2":"type-product","3":"status-publish","4":"has-post-thumbnail","6":"product_cat-infantil","8":"first","9":"instock","10":"taxable","11":"shipping-taxable","12":"purchasable","13":"product-type-variable","14":"has-default-attributes"},"aioseo_notices":[],"_links":{"self":[{"href":"https:\/\/imprimeideas.es\/en\/wp-json\/wp\/v2\/product\/43285","targetHints":{"allow":["GET"]}}],"collection":[{"href":"https:\/\/imprimeideas.es\/en\/wp-json\/wp\/v2\/product"}],"about":[{"href":"https:\/\/imprimeideas.es\/en\/wp-json\/wp\/v2\/types\/product"}],"replies":[{"embeddable":true,"href":"https:\/\/imprimeideas.es\/en\/wp-json\/wp\/v2\/comments?post=43285"}],"version-history":[{"count":1,"href":"https:\/\/imprimeideas.es\/en\/wp-json\/wp\/v2\/product\/43285\/revisions"}],"predecessor-version":[{"id":55155,"href":"https:\/\/imprimeideas.es\/en\/wp-json\/wp\/v2\/product\/43285\/revisions\/55155"}],"wp:featuredmedia":[{"embeddable":true,"href":"https:\/\/imprimeideas.es\/en\/wp-json\/wp\/v2\/media\/65285"}],"wp:attachment":[{"href":"https:\/\/imprimeideas.es\/en\/wp-json\/wp\/v2\/media?parent=43285"}],"wp:term":[{"taxonomy":"product_brand","embeddable":true,"href":"https:\/\/imprimeideas.es\/en\/wp-json\/wp\/v2\/product_brand?post=43285"},{"taxonomy":"product_cat","embeddable":true,"href":"https:\/\/imprimeideas.es\/en\/wp-json\/wp\/v2\/product_cat?post=43285"},{"taxonomy":"product_tag","embeddable":true,"href":"https:\/\/imprimeideas.es\/en\/wp-json\/wp\/v2\/product_tag?post=43285"}],"curies":[{"name":"wp","href":"https:\/\/api.w.org\/{rel}","templated":true}]}}