{"id":43282,"date":"2026-02-24T11:30:25","date_gmt":"2026-02-24T10:30:25","guid":{"rendered":"https:\/\/imprimeideas.es\/?post_type=product&p=43282"},"modified":"2026-02-26T18:08:23","modified_gmt":"2026-02-26T17:08:23","slug":"paraguas-seter","status":"publish","type":"product","link":"https:\/\/imprimeideas.es\/en\/product\/paraguas-seter\/","title":{"rendered":"Paraguas Seter"},"content":{"rendered":"<p>Paraguas infantil con divertidos dise\u00f1os de gato y rana. De 78cm de di\u00e1metro y fabricado en resistente material poli\u00e9ster 180T. Apertura autom\u00e1tica, con ca\u00f1a y varillas de metal, mango curvo y funda de poli\u00e9ster a juego.<\/p>","protected":false},"excerpt":{"rendered":"<p>18&#8243;. Autom\u00e1tico. Funda Poli\u00e9ster<\/p>","protected":false},"featured_media":78222,"comment_status":"open","ping_status":"open","template":"","meta":{"inline_featured_image":false},"product_brand":[],"product_cat":[108,118],"product_tag":[],"class_list":{"0":"post-43282","1":"product","2":"type-product","3":"status-publish","4":"has-post-thumbnail","6":"product_cat-infantil","7":"product_cat-lluvia-y-frio","9":"first","10":"instock","11":"taxable","12":"shipping-taxable","13":"purchasable","14":"product-type-variable","15":"has-default-attributes"},"aioseo_notices":[],"_links":{"self":[{"href":"https:\/\/imprimeideas.es\/en\/wp-json\/wp\/v2\/product\/43282","targetHints":{"allow":["GET"]}}],"collection":[{"href":"https:\/\/imprimeideas.es\/en\/wp-json\/wp\/v2\/product"}],"about":[{"href":"https:\/\/imprimeideas.es\/en\/wp-json\/wp\/v2\/types\/product"}],"replies":[{"embeddable":true,"href":"https:\/\/imprimeideas.es\/en\/wp-json\/wp\/v2\/comments?post=43282"}],"version-history":[{"count":1,"href":"https:\/\/imprimeideas.es\/en\/wp-json\/wp\/v2\/product\/43282\/revisions"}],"predecessor-version":[{"id":55154,"href":"https:\/\/imprimeideas.es\/en\/wp-json\/wp\/v2\/product\/43282\/revisions\/55154"}],"wp:featuredmedia":[{"embeddable":true,"href":"https:\/\/imprimeideas.es\/en\/wp-json\/wp\/v2\/media\/78222"}],"wp:attachment":[{"href":"https:\/\/imprimeideas.es\/en\/wp-json\/wp\/v2\/media?parent=43282"}],"wp:term":[{"taxonomy":"product_brand","embeddable":true,"href":"https:\/\/imprimeideas.es\/en\/wp-json\/wp\/v2\/product_brand?post=43282"},{"taxonomy":"product_cat","embeddable":true,"href":"https:\/\/imprimeideas.es\/en\/wp-json\/wp\/v2\/product_cat?post=43282"},{"taxonomy":"product_tag","embeddable":true,"href":"https:\/\/imprimeideas.es\/en\/wp-json\/wp\/v2\/product_tag?post=43282"}],"curies":[{"name":"wp","href":"https:\/\/api.w.org\/{rel}","templated":true}]}}