{"id":43278,"date":"2026-02-24T11:30:25","date_gmt":"2026-02-24T10:30:25","guid":{"rendered":"https:\/\/imprimeideas.es\/?post_type=product&p=43278"},"modified":"2026-02-26T18:19:07","modified_gmt":"2026-02-26T17:19:07","slug":"quita-pelusas-guyit","status":"publish","type":"product","link":"https:\/\/imprimeideas.es\/en\/product\/quita-pelusas-guyit\/","title":{"rendered":"Quita Pelusas Guyit"},"content":{"rendered":"<p>Pr\u00e1ctico quita pelusas de mano. De uso c\u00f3modo, gracias a su forma ergon\u00f3mica adapt\u00e1ndose a la mano. Se usa pasando la zona met\u00e1lica por el tejido para dejar la tela suave. Con compartimento en el cabezal para guardar el exceso y poder limpiarlo f\u00e1cilmente. C\u00f3modo de transportar y alimentado por 2 pilas AA (no incluidas). Presentado en una caja de dise\u00f1o kraft, con manual espa\u00f1ol e ingl\u00e9s en el interior.<\/p>","protected":false},"excerpt":{"rendered":"<p>2 Pilas AA No Incluidas<\/p>","protected":false},"featured_media":66608,"comment_status":"open","ping_status":"open","template":"","meta":{"inline_featured_image":false},"product_brand":[],"product_cat":[104,106,103],"product_tag":[],"class_list":{"0":"post-43278","1":"product","2":"type-product","3":"status-publish","4":"has-post-thumbnail","6":"product_cat-hogar-y-decoracion","7":"product_cat-regalos-y-premiums","8":"product_cat-viaje","10":"first","11":"instock","12":"taxable","13":"shipping-taxable","14":"purchasable","15":"product-type-variable","16":"has-default-attributes"},"aioseo_notices":[],"_links":{"self":[{"href":"https:\/\/imprimeideas.es\/en\/wp-json\/wp\/v2\/product\/43278","targetHints":{"allow":["GET"]}}],"collection":[{"href":"https:\/\/imprimeideas.es\/en\/wp-json\/wp\/v2\/product"}],"about":[{"href":"https:\/\/imprimeideas.es\/en\/wp-json\/wp\/v2\/types\/product"}],"replies":[{"embeddable":true,"href":"https:\/\/imprimeideas.es\/en\/wp-json\/wp\/v2\/comments?post=43278"}],"version-history":[{"count":1,"href":"https:\/\/imprimeideas.es\/en\/wp-json\/wp\/v2\/product\/43278\/revisions"}],"predecessor-version":[{"id":55152,"href":"https:\/\/imprimeideas.es\/en\/wp-json\/wp\/v2\/product\/43278\/revisions\/55152"}],"wp:featuredmedia":[{"embeddable":true,"href":"https:\/\/imprimeideas.es\/en\/wp-json\/wp\/v2\/media\/66608"}],"wp:attachment":[{"href":"https:\/\/imprimeideas.es\/en\/wp-json\/wp\/v2\/media?parent=43278"}],"wp:term":[{"taxonomy":"product_brand","embeddable":true,"href":"https:\/\/imprimeideas.es\/en\/wp-json\/wp\/v2\/product_brand?post=43278"},{"taxonomy":"product_cat","embeddable":true,"href":"https:\/\/imprimeideas.es\/en\/wp-json\/wp\/v2\/product_cat?post=43278"},{"taxonomy":"product_tag","embeddable":true,"href":"https:\/\/imprimeideas.es\/en\/wp-json\/wp\/v2\/product_tag?post=43278"}],"curies":[{"name":"wp","href":"https:\/\/api.w.org\/{rel}","templated":true}]}}