{"id":43270,"date":"2026-02-24T11:30:24","date_gmt":"2026-02-24T10:30:24","guid":{"rendered":"https:\/\/imprimeideas.es\/?post_type=product&p=43270"},"modified":"2026-02-26T18:03:05","modified_gmt":"2026-02-26T17:03:05","slug":"bolsa-portazapatos-cyde","status":"publish","type":"product","link":"https:\/\/imprimeideas.es\/en\/product\/bolsa-portazapatos-cyde\/","title":{"rendered":"Bolsa Portazapatos Cyde"},"content":{"rendered":"<p>Bolsa portazapatos fabricada en non-woven. Pr\u00e1ctica para guardar calzado, con serigraf\u00eda inspirada en zapatillas de cordones y pr\u00e1ctica ventana transparente para visualizar el interior, con cierre de cord\u00f3n. Disponible en variados colores diferentes y detalles en blanco.<\/p>","protected":false},"excerpt":{"rendered":"<p>Bolsa portazapatos fabricada en non-woven. Pr\u00e1ctica para guardar calzado, con serigraf\u00eda inspirada en zapatillas de cordones y pr\u00e1ctica ventana transparente<\/p>","protected":false},"featured_media":72656,"comment_status":"open","ping_status":"open","template":"","meta":{"inline_featured_image":false},"product_brand":[],"product_cat":[101,103],"product_tag":[],"class_list":{"0":"post-43270","1":"product","2":"type-product","3":"status-publish","4":"has-post-thumbnail","6":"product_cat-deporte-y-aventura","7":"product_cat-viaje","9":"first","10":"instock","11":"taxable","12":"shipping-taxable","13":"purchasable","14":"product-type-variable","15":"has-default-attributes"},"aioseo_notices":[],"_links":{"self":[{"href":"https:\/\/imprimeideas.es\/en\/wp-json\/wp\/v2\/product\/43270","targetHints":{"allow":["GET"]}}],"collection":[{"href":"https:\/\/imprimeideas.es\/en\/wp-json\/wp\/v2\/product"}],"about":[{"href":"https:\/\/imprimeideas.es\/en\/wp-json\/wp\/v2\/types\/product"}],"replies":[{"embeddable":true,"href":"https:\/\/imprimeideas.es\/en\/wp-json\/wp\/v2\/comments?post=43270"}],"version-history":[{"count":1,"href":"https:\/\/imprimeideas.es\/en\/wp-json\/wp\/v2\/product\/43270\/revisions"}],"predecessor-version":[{"id":55149,"href":"https:\/\/imprimeideas.es\/en\/wp-json\/wp\/v2\/product\/43270\/revisions\/55149"}],"wp:featuredmedia":[{"embeddable":true,"href":"https:\/\/imprimeideas.es\/en\/wp-json\/wp\/v2\/media\/72656"}],"wp:attachment":[{"href":"https:\/\/imprimeideas.es\/en\/wp-json\/wp\/v2\/media?parent=43270"}],"wp:term":[{"taxonomy":"product_brand","embeddable":true,"href":"https:\/\/imprimeideas.es\/en\/wp-json\/wp\/v2\/product_brand?post=43270"},{"taxonomy":"product_cat","embeddable":true,"href":"https:\/\/imprimeideas.es\/en\/wp-json\/wp\/v2\/product_cat?post=43270"},{"taxonomy":"product_tag","embeddable":true,"href":"https:\/\/imprimeideas.es\/en\/wp-json\/wp\/v2\/product_tag?post=43270"}],"curies":[{"name":"wp","href":"https:\/\/api.w.org\/{rel}","templated":true}]}}