{"id":43265,"date":"2026-02-24T11:30:23","date_gmt":"2026-02-24T10:30:23","guid":{"rendered":"https:\/\/imprimeideas.es\/?post_type=product&p=43265"},"modified":"2026-02-26T18:19:39","modified_gmt":"2026-02-26T17:19:39","slug":"almohadilla-balum","status":"publish","type":"product","link":"https:\/\/imprimeideas.es\/en\/product\/almohadilla-balum\/","title":{"rendered":"Almohadilla Balum"},"content":{"rendered":"<p>Fant\u00e1stica almohadilla autoinflable en suave poli\u00e9ster. Almohada port\u00e1til con c\u00f3modo sistema de auto inflado: desenroscando la boquilla en una de sus esquinas autom\u00e1ticamente empezar\u00e1 a llenarse de aire, con la posibilidad de ajustar la dureza. F\u00e1cil de guardar gracias a su funda de RPET, con logotipo incluido.El material RPET se elabora a partir de pl\u00e1stico reciclado, para as\u00ed fomentar la reutilizaci\u00f3n de residuos pl\u00e1sticos y ayudar a la sostenibilidad del planeta.<\/p>","protected":false},"excerpt":{"rendered":"<p>Autoinflable. Funda Poli\u00e9ster RPET<\/p>","protected":false},"featured_media":43845,"comment_status":"open","ping_status":"open","template":"","meta":{"inline_featured_image":false},"product_brand":[],"product_cat":[103],"product_tag":[],"class_list":{"0":"post-43265","1":"product","2":"type-product","3":"status-publish","4":"has-post-thumbnail","6":"product_cat-viaje","8":"first","9":"instock","10":"taxable","11":"shipping-taxable","12":"purchasable","13":"product-type-variable","14":"has-default-attributes"},"aioseo_notices":[],"_links":{"self":[{"href":"https:\/\/imprimeideas.es\/en\/wp-json\/wp\/v2\/product\/43265","targetHints":{"allow":["GET"]}}],"collection":[{"href":"https:\/\/imprimeideas.es\/en\/wp-json\/wp\/v2\/product"}],"about":[{"href":"https:\/\/imprimeideas.es\/en\/wp-json\/wp\/v2\/types\/product"}],"replies":[{"embeddable":true,"href":"https:\/\/imprimeideas.es\/en\/wp-json\/wp\/v2\/comments?post=43265"}],"version-history":[{"count":1,"href":"https:\/\/imprimeideas.es\/en\/wp-json\/wp\/v2\/product\/43265\/revisions"}],"predecessor-version":[{"id":55147,"href":"https:\/\/imprimeideas.es\/en\/wp-json\/wp\/v2\/product\/43265\/revisions\/55147"}],"wp:featuredmedia":[{"embeddable":true,"href":"https:\/\/imprimeideas.es\/en\/wp-json\/wp\/v2\/media\/43845"}],"wp:attachment":[{"href":"https:\/\/imprimeideas.es\/en\/wp-json\/wp\/v2\/media?parent=43265"}],"wp:term":[{"taxonomy":"product_brand","embeddable":true,"href":"https:\/\/imprimeideas.es\/en\/wp-json\/wp\/v2\/product_brand?post=43265"},{"taxonomy":"product_cat","embeddable":true,"href":"https:\/\/imprimeideas.es\/en\/wp-json\/wp\/v2\/product_cat?post=43265"},{"taxonomy":"product_tag","embeddable":true,"href":"https:\/\/imprimeideas.es\/en\/wp-json\/wp\/v2\/product_tag?post=43265"}],"curies":[{"name":"wp","href":"https:\/\/api.w.org\/{rel}","templated":true}]}}