{"id":43261,"date":"2026-02-24T11:30:23","date_gmt":"2026-02-24T10:30:23","guid":{"rendered":"https:\/\/imprimeideas.es\/?post_type=product&p=43261"},"modified":"2026-02-26T18:19:31","modified_gmt":"2026-02-26T17:19:31","slug":"set-limpiacalzado-aeron","status":"publish","type":"product","link":"https:\/\/imprimeideas.es\/en\/product\/set-limpiacalzado-aeron\/","title":{"rendered":"Set Limpiacalzado Aeron"},"content":{"rendered":"<p>Pr\u00e1ctico set para limpiar calzado en estuche de RPET. Completo paquete para limpiar calzado con dos cepillos de suaves cerdas, calzador, lata con cera y pa\u00f1o para que brille todo el calzado. Presentado en un pr\u00e1ctico estuche con cierre de cremallera y el\u00e1sticos para tener organizados todos los utensilios. Con logotipo RPET en la funda. El material RPET se elabora a partir de pl\u00e1stico reciclado, para as\u00ed fomentar la reutilizaci\u00f3n de residuos pl\u00e1sticos y ayudar a la sostenibilidad del planeta.<\/p>","protected":false},"excerpt":{"rendered":"<p>5 Accesorios. Funda Poli\u00e9ster RPET<\/p>","protected":false},"featured_media":69460,"comment_status":"open","ping_status":"open","template":"","meta":{"inline_featured_image":false},"product_brand":[],"product_cat":[104,103],"product_tag":[],"class_list":{"0":"post-43261","1":"product","2":"type-product","3":"status-publish","4":"has-post-thumbnail","6":"product_cat-hogar-y-decoracion","7":"product_cat-viaje","9":"first","10":"instock","11":"taxable","12":"shipping-taxable","13":"purchasable","14":"product-type-variable","15":"has-default-attributes"},"aioseo_notices":[],"_links":{"self":[{"href":"https:\/\/imprimeideas.es\/en\/wp-json\/wp\/v2\/product\/43261","targetHints":{"allow":["GET"]}}],"collection":[{"href":"https:\/\/imprimeideas.es\/en\/wp-json\/wp\/v2\/product"}],"about":[{"href":"https:\/\/imprimeideas.es\/en\/wp-json\/wp\/v2\/types\/product"}],"replies":[{"embeddable":true,"href":"https:\/\/imprimeideas.es\/en\/wp-json\/wp\/v2\/comments?post=43261"}],"version-history":[{"count":1,"href":"https:\/\/imprimeideas.es\/en\/wp-json\/wp\/v2\/product\/43261\/revisions"}],"predecessor-version":[{"id":55145,"href":"https:\/\/imprimeideas.es\/en\/wp-json\/wp\/v2\/product\/43261\/revisions\/55145"}],"wp:featuredmedia":[{"embeddable":true,"href":"https:\/\/imprimeideas.es\/en\/wp-json\/wp\/v2\/media\/69460"}],"wp:attachment":[{"href":"https:\/\/imprimeideas.es\/en\/wp-json\/wp\/v2\/media?parent=43261"}],"wp:term":[{"taxonomy":"product_brand","embeddable":true,"href":"https:\/\/imprimeideas.es\/en\/wp-json\/wp\/v2\/product_brand?post=43261"},{"taxonomy":"product_cat","embeddable":true,"href":"https:\/\/imprimeideas.es\/en\/wp-json\/wp\/v2\/product_cat?post=43261"},{"taxonomy":"product_tag","embeddable":true,"href":"https:\/\/imprimeideas.es\/en\/wp-json\/wp\/v2\/product_tag?post=43261"}],"curies":[{"name":"wp","href":"https:\/\/api.w.org\/{rel}","templated":true}]}}