{"id":43258,"date":"2026-02-24T11:30:23","date_gmt":"2026-02-24T10:30:23","guid":{"rendered":"https:\/\/imprimeideas.es\/?post_type=product&p=43258"},"modified":"2026-02-26T18:19:27","modified_gmt":"2026-02-26T17:19:27","slug":"trolley-chertan","status":"publish","type":"product","link":"https:\/\/imprimeideas.es\/en\/product\/trolley-chertan\/","title":{"rendered":"Trolley Chertan"},"content":{"rendered":"<p>Trolley fabricado en resistente 600D RPET. Compartimento principal con cierre de cremallera de doble tirador conforme a los est\u00e1ndares TSA -Administraci\u00f3n de la Seguridad en el Transporte-, que permite a las autoridades de aduanas inspeccionar el contenido del equipaje sin tener que forzar o romper el cierre, usando una llave especial a disposici\u00f3n de la autoridad.Interior forrado adem\u00e1s de organizador en la zona central. Exterior con bolsillo frontal con cierre de cremallera invisible y 2 asas acolchadas de transporte. Mecanismo extensible met\u00e1lico en negro, con c\u00f3moda asa de transporte y 2 ruedas. Logotipo RPET en etiqueta exterior.El material RPET se elabora a partir de pl\u00e1stico reciclado, para as\u00ed fomentar la reutilizaci\u00f3n de residuos pl\u00e1sticos y ayudar a la sostenibilidad del planeta.<\/p>","protected":false},"excerpt":{"rendered":"<p>Cierre Seguridad TSA<\/p>","protected":false},"featured_media":69874,"comment_status":"open","ping_status":"open","template":"","meta":{"inline_featured_image":false},"product_brand":[],"product_cat":[103],"product_tag":[],"class_list":{"0":"post-43258","1":"product","2":"type-product","3":"status-publish","4":"has-post-thumbnail","6":"product_cat-viaje","8":"first","9":"instock","10":"taxable","11":"shipping-taxable","12":"purchasable","13":"product-type-variable","14":"has-default-attributes"},"aioseo_notices":[],"_links":{"self":[{"href":"https:\/\/imprimeideas.es\/en\/wp-json\/wp\/v2\/product\/43258","targetHints":{"allow":["GET"]}}],"collection":[{"href":"https:\/\/imprimeideas.es\/en\/wp-json\/wp\/v2\/product"}],"about":[{"href":"https:\/\/imprimeideas.es\/en\/wp-json\/wp\/v2\/types\/product"}],"replies":[{"embeddable":true,"href":"https:\/\/imprimeideas.es\/en\/wp-json\/wp\/v2\/comments?post=43258"}],"version-history":[{"count":1,"href":"https:\/\/imprimeideas.es\/en\/wp-json\/wp\/v2\/product\/43258\/revisions"}],"predecessor-version":[{"id":55144,"href":"https:\/\/imprimeideas.es\/en\/wp-json\/wp\/v2\/product\/43258\/revisions\/55144"}],"wp:featuredmedia":[{"embeddable":true,"href":"https:\/\/imprimeideas.es\/en\/wp-json\/wp\/v2\/media\/69874"}],"wp:attachment":[{"href":"https:\/\/imprimeideas.es\/en\/wp-json\/wp\/v2\/media?parent=43258"}],"wp:term":[{"taxonomy":"product_brand","embeddable":true,"href":"https:\/\/imprimeideas.es\/en\/wp-json\/wp\/v2\/product_brand?post=43258"},{"taxonomy":"product_cat","embeddable":true,"href":"https:\/\/imprimeideas.es\/en\/wp-json\/wp\/v2\/product_cat?post=43258"},{"taxonomy":"product_tag","embeddable":true,"href":"https:\/\/imprimeideas.es\/en\/wp-json\/wp\/v2\/product_tag?post=43258"}],"curies":[{"name":"wp","href":"https:\/\/api.w.org\/{rel}","templated":true}]}}