{"id":43254,"date":"2026-02-24T11:30:22","date_gmt":"2026-02-24T10:30:22","guid":{"rendered":"https:\/\/imprimeideas.es\/?post_type=product&p=43254"},"modified":"2026-02-26T18:32:51","modified_gmt":"2026-02-26T17:32:51","slug":"mochila-myriax","status":"publish","type":"product","link":"https:\/\/imprimeideas.es\/en\/product\/mochila-myriax\/","title":{"rendered":"Mochila Myriax"},"content":{"rendered":"<p>Mochila multifunci\u00f3n fabricada en 300D RPET. Elaborada con poli\u00e9ster reciclado y resistente al agua, cuenta con una excelente transpirabilidad en la zona trasera, facilitando la disipaci\u00f3n del calor gracias a sus cintas y respaldo acolchados. Las cintas anchas est\u00e1n dise\u00f1adas para aliviar la presi\u00f3n en los hombros, permitiendo llevar la mochila c\u00f3modamente durante largos periodos.Perfecta para cualquier situaci\u00f3n por tener m\u00faltiples compartimentos: 2 bolsillos frontales. 3 compartimentos grandes centrales, uno de ellos portatodo, un bolsillo central de gran capacidad para guardad ropa y\/o complementos con organizador en su interior, y un tercero acolchado, perfecto para llevar port\u00e1til de hasta 17,3 pulgadas. Adem\u00e1s, cuenta con 3 apartados especiales, un bolsillo lateral perfecto para tener acceso r\u00e1pido, bolsillo para calzado en la base con argollas de ventilaci\u00f3n, y bolsillo antirrobo en la espalda, adem\u00e1s de cable USB. Perfecta para viajes o para el d\u00eda a d\u00eda por sus cintas ajustables, adapt\u00e1ndose a todo estilo de vida. Disponible en negro y gris, con logotipo RPET incluido. Presentada individualmente en bolsa reciclada.El material RPET se elabora a partir de pl\u00e1stico reciclado, para as\u00ed fomentar la reutilizaci\u00f3n de residuos pl\u00e1sticos y ayudar a la sostenibilidad del planeta.<\/p>","protected":false},"excerpt":{"rendered":"<p>Conexi\u00f3n USB. Acolchada. Bolsillo Acolchado para Port\u00e1til. Compartimento Portazapatos<\/p>","protected":false},"featured_media":64128,"comment_status":"open","ping_status":"open","template":"","meta":{"inline_featured_image":false},"product_brand":[],"product_cat":[94,103],"product_tag":[],"class_list":{"0":"post-43254","1":"product","2":"type-product","3":"status-publish","4":"has-post-thumbnail","6":"product_cat-mochilas","7":"product_cat-viaje","9":"first","10":"instock","11":"taxable","12":"shipping-taxable","13":"purchasable","14":"product-type-variable","15":"has-default-attributes"},"aioseo_notices":[],"_links":{"self":[{"href":"https:\/\/imprimeideas.es\/en\/wp-json\/wp\/v2\/product\/43254","targetHints":{"allow":["GET"]}}],"collection":[{"href":"https:\/\/imprimeideas.es\/en\/wp-json\/wp\/v2\/product"}],"about":[{"href":"https:\/\/imprimeideas.es\/en\/wp-json\/wp\/v2\/types\/product"}],"replies":[{"embeddable":true,"href":"https:\/\/imprimeideas.es\/en\/wp-json\/wp\/v2\/comments?post=43254"}],"version-history":[{"count":1,"href":"https:\/\/imprimeideas.es\/en\/wp-json\/wp\/v2\/product\/43254\/revisions"}],"predecessor-version":[{"id":55143,"href":"https:\/\/imprimeideas.es\/en\/wp-json\/wp\/v2\/product\/43254\/revisions\/55143"}],"wp:featuredmedia":[{"embeddable":true,"href":"https:\/\/imprimeideas.es\/en\/wp-json\/wp\/v2\/media\/64128"}],"wp:attachment":[{"href":"https:\/\/imprimeideas.es\/en\/wp-json\/wp\/v2\/media?parent=43254"}],"wp:term":[{"taxonomy":"product_brand","embeddable":true,"href":"https:\/\/imprimeideas.es\/en\/wp-json\/wp\/v2\/product_brand?post=43254"},{"taxonomy":"product_cat","embeddable":true,"href":"https:\/\/imprimeideas.es\/en\/wp-json\/wp\/v2\/product_cat?post=43254"},{"taxonomy":"product_tag","embeddable":true,"href":"https:\/\/imprimeideas.es\/en\/wp-json\/wp\/v2\/product_tag?post=43254"}],"curies":[{"name":"wp","href":"https:\/\/api.w.org\/{rel}","templated":true}]}}