{"id":43252,"date":"2026-02-24T11:30:22","date_gmt":"2026-02-24T10:30:22","guid":{"rendered":"https:\/\/imprimeideas.es\/?post_type=product&p=43252"},"modified":"2026-02-26T18:08:15","modified_gmt":"2026-02-26T17:08:15","slug":"set-costura-atriax","status":"publish","type":"product","link":"https:\/\/imprimeideas.es\/en\/product\/set-costura-atriax\/","title":{"rendered":"Set Costura Atriax"},"content":{"rendered":"<p>Pr\u00e1ctico set de costura, presentado en estuche de bamb\u00fa, con espejo interior y cierre magn\u00e9tico. Contenido: 2 agujas.Hilo en 6 colores diferentes.2 botones.1 imperdible.1 enhebrador. Presentado en una caja de dise\u00f1o kraft.<\/p>","protected":false},"excerpt":{"rendered":"<p>Espejo Incluido<\/p>","protected":false},"featured_media":84932,"comment_status":"open","ping_status":"open","template":"","meta":{"inline_featured_image":false},"product_brand":[],"product_cat":[107,103],"product_tag":[],"class_list":{"0":"post-43252","1":"product","2":"type-product","3":"status-publish","4":"has-post-thumbnail","6":"product_cat-cuidado-personal-y-pharma","7":"product_cat-viaje","9":"first","10":"instock","11":"taxable","12":"shipping-taxable","13":"purchasable","14":"product-type-variable","15":"has-default-attributes"},"aioseo_notices":[],"_links":{"self":[{"href":"https:\/\/imprimeideas.es\/en\/wp-json\/wp\/v2\/product\/43252","targetHints":{"allow":["GET"]}}],"collection":[{"href":"https:\/\/imprimeideas.es\/en\/wp-json\/wp\/v2\/product"}],"about":[{"href":"https:\/\/imprimeideas.es\/en\/wp-json\/wp\/v2\/types\/product"}],"replies":[{"embeddable":true,"href":"https:\/\/imprimeideas.es\/en\/wp-json\/wp\/v2\/comments?post=43252"}],"version-history":[{"count":1,"href":"https:\/\/imprimeideas.es\/en\/wp-json\/wp\/v2\/product\/43252\/revisions"}],"predecessor-version":[{"id":55142,"href":"https:\/\/imprimeideas.es\/en\/wp-json\/wp\/v2\/product\/43252\/revisions\/55142"}],"wp:featuredmedia":[{"embeddable":true,"href":"https:\/\/imprimeideas.es\/en\/wp-json\/wp\/v2\/media\/84932"}],"wp:attachment":[{"href":"https:\/\/imprimeideas.es\/en\/wp-json\/wp\/v2\/media?parent=43252"}],"wp:term":[{"taxonomy":"product_brand","embeddable":true,"href":"https:\/\/imprimeideas.es\/en\/wp-json\/wp\/v2\/product_brand?post=43252"},{"taxonomy":"product_cat","embeddable":true,"href":"https:\/\/imprimeideas.es\/en\/wp-json\/wp\/v2\/product_cat?post=43252"},{"taxonomy":"product_tag","embeddable":true,"href":"https:\/\/imprimeideas.es\/en\/wp-json\/wp\/v2\/product_tag?post=43252"}],"curies":[{"name":"wp","href":"https:\/\/api.w.org\/{rel}","templated":true}]}}