{"id":43247,"date":"2026-02-24T11:30:22","date_gmt":"2026-02-24T10:30:22","guid":{"rendered":"https:\/\/imprimeideas.es\/?post_type=product&p=43247"},"modified":"2026-02-26T18:03:03","modified_gmt":"2026-02-26T17:03:03","slug":"mascara-viaje-bezz","status":"publish","type":"product","link":"https:\/\/imprimeideas.es\/en\/product\/mascara-viaje-bezz\/","title":{"rendered":"M\u00e1scara Viaje Bezz"},"content":{"rendered":"<p>C\u00f3moda m\u00e1scara de viaje fabricada en suave poli\u00e9ster. M\u00e1xima experiencia de descanso para los ojos, debido a que su dise\u00f1o acolchado proporciona un bloqueo \u00f3ptimo de la luz para un sue\u00f1o reparador en cualquier lugar. El el\u00e1stico regulable garantiza un ajuste c\u00f3modo y seguro. Presentado en bolsa individual de papel reciclado.<\/p>","protected":false},"excerpt":{"rendered":"<p>C\u00f3moda m\u00e1scara de viaje fabricada en suave poli\u00e9ster. M\u00e1xima experiencia de descanso para los ojos, debido a que su dise\u00f1o<\/p>","protected":false},"featured_media":69191,"comment_status":"open","ping_status":"open","template":"","meta":{"inline_featured_image":false},"product_brand":[],"product_cat":[107,103],"product_tag":[],"class_list":{"0":"post-43247","1":"product","2":"type-product","3":"status-publish","4":"has-post-thumbnail","6":"product_cat-cuidado-personal-y-pharma","7":"product_cat-viaje","9":"first","10":"instock","11":"taxable","12":"shipping-taxable","13":"purchasable","14":"product-type-variable","15":"has-default-attributes"},"aioseo_notices":[],"_links":{"self":[{"href":"https:\/\/imprimeideas.es\/en\/wp-json\/wp\/v2\/product\/43247","targetHints":{"allow":["GET"]}}],"collection":[{"href":"https:\/\/imprimeideas.es\/en\/wp-json\/wp\/v2\/product"}],"about":[{"href":"https:\/\/imprimeideas.es\/en\/wp-json\/wp\/v2\/types\/product"}],"replies":[{"embeddable":true,"href":"https:\/\/imprimeideas.es\/en\/wp-json\/wp\/v2\/comments?post=43247"}],"version-history":[{"count":1,"href":"https:\/\/imprimeideas.es\/en\/wp-json\/wp\/v2\/product\/43247\/revisions"}],"predecessor-version":[{"id":55141,"href":"https:\/\/imprimeideas.es\/en\/wp-json\/wp\/v2\/product\/43247\/revisions\/55141"}],"wp:featuredmedia":[{"embeddable":true,"href":"https:\/\/imprimeideas.es\/en\/wp-json\/wp\/v2\/media\/69191"}],"wp:attachment":[{"href":"https:\/\/imprimeideas.es\/en\/wp-json\/wp\/v2\/media?parent=43247"}],"wp:term":[{"taxonomy":"product_brand","embeddable":true,"href":"https:\/\/imprimeideas.es\/en\/wp-json\/wp\/v2\/product_brand?post=43247"},{"taxonomy":"product_cat","embeddable":true,"href":"https:\/\/imprimeideas.es\/en\/wp-json\/wp\/v2\/product_cat?post=43247"},{"taxonomy":"product_tag","embeddable":true,"href":"https:\/\/imprimeideas.es\/en\/wp-json\/wp\/v2\/product_tag?post=43247"}],"curies":[{"name":"wp","href":"https:\/\/api.w.org\/{rel}","templated":true}]}}