{"id":43242,"date":"2026-02-24T11:30:21","date_gmt":"2026-02-24T10:30:21","guid":{"rendered":"https:\/\/imprimeideas.es\/?post_type=product&p=43242"},"modified":"2026-02-26T18:42:26","modified_gmt":"2026-02-26T17:42:26","slug":"identificador-maletas-holda","status":"publish","type":"product","link":"https:\/\/imprimeideas.es\/en\/product\/identificador-maletas-holda\/","title":{"rendered":"Identificador Maletas Holda"},"content":{"rendered":"<p>Identificador para maletas fabricado en bamb\u00fa y silicona veteada. Para sujetar a cualquier maleta gracias a su cinta flexible e indicar informaci\u00f3n b\u00e1sica. Fabricado en silicona con efecto natural, con placa central en bamb\u00fa. Presentado en bolsa individual de papel reciclado.Materiales como el bamb\u00fa fomentan la utilizaci\u00f3n de materias primas naturales, reduciendo las emisiones contaminantes. Proviene de una planta de gran resistencia y versatilidad, con crecimiento y regeneraci\u00f3n r\u00e1pidos, siendo una excelente alternativa al uso de madera tradicional.<\/p>","protected":false},"excerpt":{"rendered":"<p>Identificador para maletas fabricado en bamb\u00fa y silicona veteada. Para sujetar a cualquier maleta gracias a su cinta flexible e<\/p>","protected":false},"featured_media":62405,"comment_status":"open","ping_status":"open","template":"","meta":{"inline_featured_image":false},"product_brand":[],"product_cat":[103],"product_tag":[],"class_list":{"0":"post-43242","1":"product","2":"type-product","3":"status-publish","4":"has-post-thumbnail","6":"product_cat-viaje","8":"first","9":"instock","10":"taxable","11":"shipping-taxable","12":"purchasable","13":"product-type-variable","14":"has-default-attributes"},"aioseo_notices":[],"_links":{"self":[{"href":"https:\/\/imprimeideas.es\/en\/wp-json\/wp\/v2\/product\/43242","targetHints":{"allow":["GET"]}}],"collection":[{"href":"https:\/\/imprimeideas.es\/en\/wp-json\/wp\/v2\/product"}],"about":[{"href":"https:\/\/imprimeideas.es\/en\/wp-json\/wp\/v2\/types\/product"}],"replies":[{"embeddable":true,"href":"https:\/\/imprimeideas.es\/en\/wp-json\/wp\/v2\/comments?post=43242"}],"version-history":[{"count":1,"href":"https:\/\/imprimeideas.es\/en\/wp-json\/wp\/v2\/product\/43242\/revisions"}],"predecessor-version":[{"id":55139,"href":"https:\/\/imprimeideas.es\/en\/wp-json\/wp\/v2\/product\/43242\/revisions\/55139"}],"wp:featuredmedia":[{"embeddable":true,"href":"https:\/\/imprimeideas.es\/en\/wp-json\/wp\/v2\/media\/62405"}],"wp:attachment":[{"href":"https:\/\/imprimeideas.es\/en\/wp-json\/wp\/v2\/media?parent=43242"}],"wp:term":[{"taxonomy":"product_brand","embeddable":true,"href":"https:\/\/imprimeideas.es\/en\/wp-json\/wp\/v2\/product_brand?post=43242"},{"taxonomy":"product_cat","embeddable":true,"href":"https:\/\/imprimeideas.es\/en\/wp-json\/wp\/v2\/product_cat?post=43242"},{"taxonomy":"product_tag","embeddable":true,"href":"https:\/\/imprimeideas.es\/en\/wp-json\/wp\/v2\/product_tag?post=43242"}],"curies":[{"name":"wp","href":"https:\/\/api.w.org\/{rel}","templated":true}]}}