{"id":43200,"date":"2026-02-24T11:30:16","date_gmt":"2026-02-24T10:30:16","guid":{"rendered":"https:\/\/imprimeideas.es\/?post_type=product&p=43200"},"modified":"2026-02-26T18:08:04","modified_gmt":"2026-02-26T17:08:04","slug":"paraguas-dewey","status":"publish","type":"product","link":"https:\/\/imprimeideas.es\/en\/product\/paraguas-dewey\/","title":{"rendered":"Paraguas Dewey"},"content":{"rendered":"<p>Paraguas de alta calidad y 130cm de di\u00e1metro, fabricado en material poli\u00e9ster 150D y en elegante tono gris jaspeado. Apertura autom\u00e1tica y varillas de fibra de vidrio, con sistema antiviento y cierre de velcro. Con mango ergon\u00f3mico en suave ABS y presentado en bolsa reciclada.<\/p>","protected":false},"excerpt":{"rendered":"<p>30&#8243;. Autom\u00e1tico. Sistema Antiviento<\/p>","protected":false},"featured_media":75242,"comment_status":"open","ping_status":"open","template":"","meta":{"inline_featured_image":false},"product_brand":[],"product_cat":[118],"product_tag":[],"class_list":{"0":"post-43200","1":"product","2":"type-product","3":"status-publish","4":"has-post-thumbnail","6":"product_cat-lluvia-y-frio","8":"first","9":"instock","10":"taxable","11":"shipping-taxable","12":"purchasable","13":"product-type-variable","14":"has-default-attributes"},"aioseo_notices":[],"_links":{"self":[{"href":"https:\/\/imprimeideas.es\/en\/wp-json\/wp\/v2\/product\/43200","targetHints":{"allow":["GET"]}}],"collection":[{"href":"https:\/\/imprimeideas.es\/en\/wp-json\/wp\/v2\/product"}],"about":[{"href":"https:\/\/imprimeideas.es\/en\/wp-json\/wp\/v2\/types\/product"}],"replies":[{"embeddable":true,"href":"https:\/\/imprimeideas.es\/en\/wp-json\/wp\/v2\/comments?post=43200"}],"version-history":[{"count":1,"href":"https:\/\/imprimeideas.es\/en\/wp-json\/wp\/v2\/product\/43200\/revisions"}],"predecessor-version":[{"id":55129,"href":"https:\/\/imprimeideas.es\/en\/wp-json\/wp\/v2\/product\/43200\/revisions\/55129"}],"wp:featuredmedia":[{"embeddable":true,"href":"https:\/\/imprimeideas.es\/en\/wp-json\/wp\/v2\/media\/75242"}],"wp:attachment":[{"href":"https:\/\/imprimeideas.es\/en\/wp-json\/wp\/v2\/media?parent=43200"}],"wp:term":[{"taxonomy":"product_brand","embeddable":true,"href":"https:\/\/imprimeideas.es\/en\/wp-json\/wp\/v2\/product_brand?post=43200"},{"taxonomy":"product_cat","embeddable":true,"href":"https:\/\/imprimeideas.es\/en\/wp-json\/wp\/v2\/product_cat?post=43200"},{"taxonomy":"product_tag","embeddable":true,"href":"https:\/\/imprimeideas.es\/en\/wp-json\/wp\/v2\/product_tag?post=43200"}],"curies":[{"name":"wp","href":"https:\/\/api.w.org\/{rel}","templated":true}]}}