{"id":43195,"date":"2026-02-24T11:30:16","date_gmt":"2026-02-24T10:30:16","guid":{"rendered":"https:\/\/imprimeideas.es\/?post_type=product&p=43195"},"modified":"2026-02-26T18:13:36","modified_gmt":"2026-02-26T17:13:36","slug":"braga-dolberg","status":"publish","type":"product","link":"https:\/\/imprimeideas.es\/en\/product\/braga-dolberg\/","title":{"rendered":"Braga Dolberg"},"content":{"rendered":"<p>C\u00e1lida braga para cuello reflectante de punto de canal\u00e9, fabricado en material suave acr\u00edlico el\u00e1stico en combinaci\u00f3n con poli\u00e9ster, e interior en suave polar fleece. Incluye un hilo reflectante entrelazado dentro del tejido para aumentar la visibilidad.<\/p>","protected":false},"excerpt":{"rendered":"<p>Reflectante<\/p>","protected":false},"featured_media":78293,"comment_status":"open","ping_status":"open","template":"","meta":{"inline_featured_image":false},"product_brand":[],"product_cat":[118],"product_tag":[],"class_list":{"0":"post-43195","1":"product","2":"type-product","3":"status-publish","4":"has-post-thumbnail","6":"product_cat-lluvia-y-frio","8":"first","9":"instock","10":"taxable","11":"shipping-taxable","12":"purchasable","13":"product-type-variable","14":"has-default-attributes"},"aioseo_notices":[],"_links":{"self":[{"href":"https:\/\/imprimeideas.es\/en\/wp-json\/wp\/v2\/product\/43195","targetHints":{"allow":["GET"]}}],"collection":[{"href":"https:\/\/imprimeideas.es\/en\/wp-json\/wp\/v2\/product"}],"about":[{"href":"https:\/\/imprimeideas.es\/en\/wp-json\/wp\/v2\/types\/product"}],"replies":[{"embeddable":true,"href":"https:\/\/imprimeideas.es\/en\/wp-json\/wp\/v2\/comments?post=43195"}],"version-history":[{"count":1,"href":"https:\/\/imprimeideas.es\/en\/wp-json\/wp\/v2\/product\/43195\/revisions"}],"predecessor-version":[{"id":55127,"href":"https:\/\/imprimeideas.es\/en\/wp-json\/wp\/v2\/product\/43195\/revisions\/55127"}],"wp:featuredmedia":[{"embeddable":true,"href":"https:\/\/imprimeideas.es\/en\/wp-json\/wp\/v2\/media\/78293"}],"wp:attachment":[{"href":"https:\/\/imprimeideas.es\/en\/wp-json\/wp\/v2\/media?parent=43195"}],"wp:term":[{"taxonomy":"product_brand","embeddable":true,"href":"https:\/\/imprimeideas.es\/en\/wp-json\/wp\/v2\/product_brand?post=43195"},{"taxonomy":"product_cat","embeddable":true,"href":"https:\/\/imprimeideas.es\/en\/wp-json\/wp\/v2\/product_cat?post=43195"},{"taxonomy":"product_tag","embeddable":true,"href":"https:\/\/imprimeideas.es\/en\/wp-json\/wp\/v2\/product_tag?post=43195"}],"curies":[{"name":"wp","href":"https:\/\/api.w.org\/{rel}","templated":true}]}}