{"id":43180,"date":"2026-02-24T11:30:14","date_gmt":"2026-02-24T10:30:14","guid":{"rendered":"https:\/\/imprimeideas.es\/?post_type=product&p=43180"},"modified":"2026-02-26T18:32:47","modified_gmt":"2026-02-26T17:32:47","slug":"bufanda-aronax","status":"publish","type":"product","link":"https:\/\/imprimeideas.es\/en\/product\/bufanda-aronax\/","title":{"rendered":"Bufanda Aronax"},"content":{"rendered":"<p>Suave y c\u00e1lida bufanda confeccionada en c\u00e1lido poli\u00e9ster RPET. Fabricada en elegantes colores bitono con bordes en distinto color, terminaci\u00f3n en flecos. Con logotipo RPET en etiqueta. Presentada individualmente en caja negra. El material RPET se elabora a partir de pl\u00e1stico reciclado, para as\u00ed fomentar la reutilizaci\u00f3n de residuos pl\u00e1sticos y ayudar a la sostenibilidad del planeta.<\/p>","protected":false},"excerpt":{"rendered":"<p>Suave y c\u00e1lida bufanda confeccionada en c\u00e1lido poli\u00e9ster RPET. Fabricada en elegantes colores bitono con bordes en distinto color, terminaci\u00f3n<\/p>","protected":false},"featured_media":80553,"comment_status":"open","ping_status":"open","template":"","meta":{"inline_featured_image":false},"product_brand":[],"product_cat":[118],"product_tag":[],"class_list":{"0":"post-43180","1":"product","2":"type-product","3":"status-publish","4":"has-post-thumbnail","6":"product_cat-lluvia-y-frio","8":"first","9":"instock","10":"taxable","11":"shipping-taxable","12":"purchasable","13":"product-type-variable","14":"has-default-attributes"},"aioseo_notices":[],"_links":{"self":[{"href":"https:\/\/imprimeideas.es\/en\/wp-json\/wp\/v2\/product\/43180","targetHints":{"allow":["GET"]}}],"collection":[{"href":"https:\/\/imprimeideas.es\/en\/wp-json\/wp\/v2\/product"}],"about":[{"href":"https:\/\/imprimeideas.es\/en\/wp-json\/wp\/v2\/types\/product"}],"replies":[{"embeddable":true,"href":"https:\/\/imprimeideas.es\/en\/wp-json\/wp\/v2\/comments?post=43180"}],"version-history":[{"count":1,"href":"https:\/\/imprimeideas.es\/en\/wp-json\/wp\/v2\/product\/43180\/revisions"}],"predecessor-version":[{"id":55124,"href":"https:\/\/imprimeideas.es\/en\/wp-json\/wp\/v2\/product\/43180\/revisions\/55124"}],"wp:featuredmedia":[{"embeddable":true,"href":"https:\/\/imprimeideas.es\/en\/wp-json\/wp\/v2\/media\/80553"}],"wp:attachment":[{"href":"https:\/\/imprimeideas.es\/en\/wp-json\/wp\/v2\/media?parent=43180"}],"wp:term":[{"taxonomy":"product_brand","embeddable":true,"href":"https:\/\/imprimeideas.es\/en\/wp-json\/wp\/v2\/product_brand?post=43180"},{"taxonomy":"product_cat","embeddable":true,"href":"https:\/\/imprimeideas.es\/en\/wp-json\/wp\/v2\/product_cat?post=43180"},{"taxonomy":"product_tag","embeddable":true,"href":"https:\/\/imprimeideas.es\/en\/wp-json\/wp\/v2\/product_tag?post=43180"}],"curies":[{"name":"wp","href":"https:\/\/api.w.org\/{rel}","templated":true}]}}