{"id":43173,"date":"2026-02-24T11:30:13","date_gmt":"2026-02-24T10:30:13","guid":{"rendered":"https:\/\/imprimeideas.es\/?post_type=product&p=43173"},"modified":"2026-02-26T18:13:38","modified_gmt":"2026-02-26T17:13:38","slug":"cinta-paseo-bently","status":"publish","type":"product","link":"https:\/\/imprimeideas.es\/en\/product\/cinta-paseo-bently\/","title":{"rendered":"Cinta Paseo Bently"},"content":{"rendered":"<p>Cinta de paseo extensible de 3 metros, fabricada en resistente poli\u00e9ster, con carcasa en robusto ABS. Incluye bot\u00f3n de freno integrado, con c\u00f3moda empu\u00f1adura ergon\u00f3mica y pr\u00e1ctico gancho para bolsas. Con mosquet\u00f3n met\u00e1lico de enganche giratorio y presentada individualmente en caja de dise\u00f1o kraft.<\/p>","protected":false},"excerpt":{"rendered":"<p>Extensible. Con Freno<\/p>","protected":false},"featured_media":83078,"comment_status":"open","ping_status":"open","template":"","meta":{"inline_featured_image":false},"product_brand":[],"product_cat":[109],"product_tag":[],"class_list":{"0":"post-43173","1":"product","2":"type-product","3":"status-publish","4":"has-post-thumbnail","6":"product_cat-productos-para-mascotas","8":"first","9":"instock","10":"taxable","11":"shipping-taxable","12":"purchasable","13":"product-type-variable","14":"has-default-attributes"},"aioseo_notices":[],"_links":{"self":[{"href":"https:\/\/imprimeideas.es\/en\/wp-json\/wp\/v2\/product\/43173","targetHints":{"allow":["GET"]}}],"collection":[{"href":"https:\/\/imprimeideas.es\/en\/wp-json\/wp\/v2\/product"}],"about":[{"href":"https:\/\/imprimeideas.es\/en\/wp-json\/wp\/v2\/types\/product"}],"replies":[{"embeddable":true,"href":"https:\/\/imprimeideas.es\/en\/wp-json\/wp\/v2\/comments?post=43173"}],"version-history":[{"count":1,"href":"https:\/\/imprimeideas.es\/en\/wp-json\/wp\/v2\/product\/43173\/revisions"}],"predecessor-version":[{"id":55122,"href":"https:\/\/imprimeideas.es\/en\/wp-json\/wp\/v2\/product\/43173\/revisions\/55122"}],"wp:featuredmedia":[{"embeddable":true,"href":"https:\/\/imprimeideas.es\/en\/wp-json\/wp\/v2\/media\/83078"}],"wp:attachment":[{"href":"https:\/\/imprimeideas.es\/en\/wp-json\/wp\/v2\/media?parent=43173"}],"wp:term":[{"taxonomy":"product_brand","embeddable":true,"href":"https:\/\/imprimeideas.es\/en\/wp-json\/wp\/v2\/product_brand?post=43173"},{"taxonomy":"product_cat","embeddable":true,"href":"https:\/\/imprimeideas.es\/en\/wp-json\/wp\/v2\/product_cat?post=43173"},{"taxonomy":"product_tag","embeddable":true,"href":"https:\/\/imprimeideas.es\/en\/wp-json\/wp\/v2\/product_tag?post=43173"}],"curies":[{"name":"wp","href":"https:\/\/api.w.org\/{rel}","templated":true}]}}