{"id":43167,"date":"2026-02-24T11:30:13","date_gmt":"2026-02-24T10:30:13","guid":{"rendered":"https:\/\/imprimeideas.es\/?post_type=product&p=43167"},"modified":"2026-02-26T18:19:15","modified_gmt":"2026-02-26T17:19:15","slug":"frisbee-girud","status":"publish","type":"product","link":"https:\/\/imprimeideas.es\/en\/product\/frisbee-girud\/","title":{"rendered":"Frisbee Girud"},"content":{"rendered":"<p>Frisbee para mascotas fabricado en suave TPR. Dise\u00f1ado para la diversi\u00f3n activa con mascotas. Es ligero, flexible y f\u00e1cil de lanzar por su fabricaci\u00f3n en resistente TPR proporcionando una experiencia de juego duradera. En vivos colores y presentado en bolsa de papel reciclado.<\/p>","protected":false},"excerpt":{"rendered":"<p>Frisbee para mascotas fabricado en suave TPR. Dise\u00f1ado para la diversi\u00f3n activa con mascotas. Es ligero, flexible y f\u00e1cil de<\/p>","protected":false},"featured_media":68601,"comment_status":"open","ping_status":"open","template":"","meta":{"inline_featured_image":false},"product_brand":[],"product_cat":[109,114],"product_tag":[],"class_list":{"0":"post-43167","1":"product","2":"type-product","3":"status-publish","4":"has-post-thumbnail","6":"product_cat-productos-para-mascotas","7":"product_cat-verano-y-playa","9":"first","10":"instock","11":"taxable","12":"shipping-taxable","13":"purchasable","14":"product-type-variable","15":"has-default-attributes"},"aioseo_notices":[],"_links":{"self":[{"href":"https:\/\/imprimeideas.es\/en\/wp-json\/wp\/v2\/product\/43167","targetHints":{"allow":["GET"]}}],"collection":[{"href":"https:\/\/imprimeideas.es\/en\/wp-json\/wp\/v2\/product"}],"about":[{"href":"https:\/\/imprimeideas.es\/en\/wp-json\/wp\/v2\/types\/product"}],"replies":[{"embeddable":true,"href":"https:\/\/imprimeideas.es\/en\/wp-json\/wp\/v2\/comments?post=43167"}],"version-history":[{"count":1,"href":"https:\/\/imprimeideas.es\/en\/wp-json\/wp\/v2\/product\/43167\/revisions"}],"predecessor-version":[{"id":55121,"href":"https:\/\/imprimeideas.es\/en\/wp-json\/wp\/v2\/product\/43167\/revisions\/55121"}],"wp:featuredmedia":[{"embeddable":true,"href":"https:\/\/imprimeideas.es\/en\/wp-json\/wp\/v2\/media\/68601"}],"wp:attachment":[{"href":"https:\/\/imprimeideas.es\/en\/wp-json\/wp\/v2\/media?parent=43167"}],"wp:term":[{"taxonomy":"product_brand","embeddable":true,"href":"https:\/\/imprimeideas.es\/en\/wp-json\/wp\/v2\/product_brand?post=43167"},{"taxonomy":"product_cat","embeddable":true,"href":"https:\/\/imprimeideas.es\/en\/wp-json\/wp\/v2\/product_cat?post=43167"},{"taxonomy":"product_tag","embeddable":true,"href":"https:\/\/imprimeideas.es\/en\/wp-json\/wp\/v2\/product_tag?post=43167"}],"curies":[{"name":"wp","href":"https:\/\/api.w.org\/{rel}","templated":true}]}}