{"id":43163,"date":"2026-02-24T11:30:12","date_gmt":"2026-02-24T10:30:12","guid":{"rendered":"https:\/\/imprimeideas.es\/?post_type=product&p=43163"},"modified":"2026-02-26T18:19:14","modified_gmt":"2026-02-26T17:19:14","slug":"cinta-paseo-ivare","status":"publish","type":"product","link":"https:\/\/imprimeideas.es\/en\/product\/cinta-paseo-ivare\/","title":{"rendered":"Cinta Paseo Ivare"},"content":{"rendered":"<p>Cinta de paseo de 3 metros, fabricada en resistente poli\u00e9ster, con carcasa en robusto ABS. C\u00f3moda empu\u00f1adura ergon\u00f3mica y pr\u00e1ctico compartimento con tapadera para almacenar las bolsas. Incluye mosquet\u00f3n met\u00e1lico de enganche giratorio y viene presentada individualmente en caja de dise\u00f1o kraft.<\/p>","protected":false},"excerpt":{"rendered":"<p>Cinta de paseo de 3 metros, fabricada en resistente poli\u00e9ster, con carcasa en robusto ABS. C\u00f3moda empu\u00f1adura ergon\u00f3mica y pr\u00e1ctico<\/p>","protected":false},"featured_media":43994,"comment_status":"open","ping_status":"open","template":"","meta":{"inline_featured_image":false},"product_brand":[],"product_cat":[109],"product_tag":[],"class_list":{"0":"post-43163","1":"product","2":"type-product","3":"status-publish","4":"has-post-thumbnail","6":"product_cat-productos-para-mascotas","8":"first","9":"instock","10":"taxable","11":"shipping-taxable","12":"purchasable","13":"product-type-variable","14":"has-default-attributes"},"aioseo_notices":[],"_links":{"self":[{"href":"https:\/\/imprimeideas.es\/en\/wp-json\/wp\/v2\/product\/43163","targetHints":{"allow":["GET"]}}],"collection":[{"href":"https:\/\/imprimeideas.es\/en\/wp-json\/wp\/v2\/product"}],"about":[{"href":"https:\/\/imprimeideas.es\/en\/wp-json\/wp\/v2\/types\/product"}],"replies":[{"embeddable":true,"href":"https:\/\/imprimeideas.es\/en\/wp-json\/wp\/v2\/comments?post=43163"}],"version-history":[{"count":1,"href":"https:\/\/imprimeideas.es\/en\/wp-json\/wp\/v2\/product\/43163\/revisions"}],"predecessor-version":[{"id":55119,"href":"https:\/\/imprimeideas.es\/en\/wp-json\/wp\/v2\/product\/43163\/revisions\/55119"}],"wp:featuredmedia":[{"embeddable":true,"href":"https:\/\/imprimeideas.es\/en\/wp-json\/wp\/v2\/media\/43994"}],"wp:attachment":[{"href":"https:\/\/imprimeideas.es\/en\/wp-json\/wp\/v2\/media?parent=43163"}],"wp:term":[{"taxonomy":"product_brand","embeddable":true,"href":"https:\/\/imprimeideas.es\/en\/wp-json\/wp\/v2\/product_brand?post=43163"},{"taxonomy":"product_cat","embeddable":true,"href":"https:\/\/imprimeideas.es\/en\/wp-json\/wp\/v2\/product_cat?post=43163"},{"taxonomy":"product_tag","embeddable":true,"href":"https:\/\/imprimeideas.es\/en\/wp-json\/wp\/v2\/product_tag?post=43163"}],"curies":[{"name":"wp","href":"https:\/\/api.w.org\/{rel}","templated":true}]}}