{"id":43161,"date":"2026-02-24T11:30:12","date_gmt":"2026-02-24T10:30:12","guid":{"rendered":"https:\/\/imprimeideas.es\/?post_type=product&p=43161"},"modified":"2026-02-26T18:42:34","modified_gmt":"2026-02-26T17:42:34","slug":"luz-seguridad-mascotas-kirix","status":"publish","type":"product","link":"https:\/\/imprimeideas.es\/en\/product\/luz-seguridad-mascotas-kirix\/","title":{"rendered":"Luz Seguridad Mascotas Kirix"},"content":{"rendered":"<p>Luz de seguridad para mascotas. Pr\u00e1ctico enganche para collar de mascotas con luz intermitente permitiendo una mayor visibilidad. F\u00e1cil de colgar gracias a su mosquet\u00f3n incorporado y con pilas de bot\u00f3n incluidas.<\/p>","protected":false},"excerpt":{"rendered":"<p>1 Led. 3 Posiciones de Luz, Fija e Intermitente. Pilas Bot\u00f3n Incluidas<\/p>","protected":false},"featured_media":78687,"comment_status":"open","ping_status":"open","template":"","meta":{"inline_featured_image":false},"product_brand":[],"product_cat":[109],"product_tag":[],"class_list":{"0":"post-43161","1":"product","2":"type-product","3":"status-publish","4":"has-post-thumbnail","6":"product_cat-productos-para-mascotas","8":"first","9":"instock","10":"taxable","11":"shipping-taxable","12":"purchasable","13":"product-type-variable","14":"has-default-attributes"},"aioseo_notices":[],"_links":{"self":[{"href":"https:\/\/imprimeideas.es\/en\/wp-json\/wp\/v2\/product\/43161","targetHints":{"allow":["GET"]}}],"collection":[{"href":"https:\/\/imprimeideas.es\/en\/wp-json\/wp\/v2\/product"}],"about":[{"href":"https:\/\/imprimeideas.es\/en\/wp-json\/wp\/v2\/types\/product"}],"replies":[{"embeddable":true,"href":"https:\/\/imprimeideas.es\/en\/wp-json\/wp\/v2\/comments?post=43161"}],"version-history":[{"count":1,"href":"https:\/\/imprimeideas.es\/en\/wp-json\/wp\/v2\/product\/43161\/revisions"}],"predecessor-version":[{"id":55118,"href":"https:\/\/imprimeideas.es\/en\/wp-json\/wp\/v2\/product\/43161\/revisions\/55118"}],"wp:featuredmedia":[{"embeddable":true,"href":"https:\/\/imprimeideas.es\/en\/wp-json\/wp\/v2\/media\/78687"}],"wp:attachment":[{"href":"https:\/\/imprimeideas.es\/en\/wp-json\/wp\/v2\/media?parent=43161"}],"wp:term":[{"taxonomy":"product_brand","embeddable":true,"href":"https:\/\/imprimeideas.es\/en\/wp-json\/wp\/v2\/product_brand?post=43161"},{"taxonomy":"product_cat","embeddable":true,"href":"https:\/\/imprimeideas.es\/en\/wp-json\/wp\/v2\/product_cat?post=43161"},{"taxonomy":"product_tag","embeddable":true,"href":"https:\/\/imprimeideas.es\/en\/wp-json\/wp\/v2\/product_tag?post=43161"}],"curies":[{"name":"wp","href":"https:\/\/api.w.org\/{rel}","templated":true}]}}