{"id":43141,"date":"2026-02-24T11:30:10","date_gmt":"2026-02-24T10:30:10","guid":{"rendered":"https:\/\/imprimeideas.es\/?post_type=product&p=43141"},"modified":"2026-02-26T18:19:32","modified_gmt":"2026-02-26T17:19:32","slug":"set-mascotas-treiver","status":"publish","type":"product","link":"https:\/\/imprimeideas.es\/en\/product\/set-mascotas-treiver\/","title":{"rendered":"Set Mascotas Treiver"},"content":{"rendered":"<p>Pr\u00e1ctico set de mascotas fabricado en resistente ABS. Con dos compartimentos separados de 330 ml y 280 ml, con tap\u00f3n de rosca para mayor seguridad y dosificadores incluidos. Adem\u00e1s, cuenta con dos tapaderas para usar como cuenco. Presentado individualmente en caja de dise\u00f1o kraft.<\/p>","protected":false},"excerpt":{"rendered":"<p>2 Compartimentos 330 ml y 280 ml<\/p>","protected":false},"featured_media":71400,"comment_status":"open","ping_status":"open","template":"","meta":{"inline_featured_image":false},"product_brand":[],"product_cat":[109],"product_tag":[],"class_list":{"0":"post-43141","1":"product","2":"type-product","3":"status-publish","4":"has-post-thumbnail","6":"product_cat-productos-para-mascotas","8":"first","9":"instock","10":"taxable","11":"shipping-taxable","12":"purchasable","13":"product-type-variable","14":"has-default-attributes"},"aioseo_notices":[],"_links":{"self":[{"href":"https:\/\/imprimeideas.es\/en\/wp-json\/wp\/v2\/product\/43141","targetHints":{"allow":["GET"]}}],"collection":[{"href":"https:\/\/imprimeideas.es\/en\/wp-json\/wp\/v2\/product"}],"about":[{"href":"https:\/\/imprimeideas.es\/en\/wp-json\/wp\/v2\/types\/product"}],"replies":[{"embeddable":true,"href":"https:\/\/imprimeideas.es\/en\/wp-json\/wp\/v2\/comments?post=43141"}],"version-history":[{"count":1,"href":"https:\/\/imprimeideas.es\/en\/wp-json\/wp\/v2\/product\/43141\/revisions"}],"predecessor-version":[{"id":55113,"href":"https:\/\/imprimeideas.es\/en\/wp-json\/wp\/v2\/product\/43141\/revisions\/55113"}],"wp:featuredmedia":[{"embeddable":true,"href":"https:\/\/imprimeideas.es\/en\/wp-json\/wp\/v2\/media\/71400"}],"wp:attachment":[{"href":"https:\/\/imprimeideas.es\/en\/wp-json\/wp\/v2\/media?parent=43141"}],"wp:term":[{"taxonomy":"product_brand","embeddable":true,"href":"https:\/\/imprimeideas.es\/en\/wp-json\/wp\/v2\/product_brand?post=43141"},{"taxonomy":"product_cat","embeddable":true,"href":"https:\/\/imprimeideas.es\/en\/wp-json\/wp\/v2\/product_cat?post=43141"},{"taxonomy":"product_tag","embeddable":true,"href":"https:\/\/imprimeideas.es\/en\/wp-json\/wp\/v2\/product_tag?post=43141"}],"curies":[{"name":"wp","href":"https:\/\/api.w.org\/{rel}","templated":true}]}}