{"id":43134,"date":"2026-02-24T11:30:09","date_gmt":"2026-02-24T10:30:09","guid":{"rendered":"https:\/\/imprimeideas.es\/?post_type=product&p=43134"},"modified":"2026-02-26T18:08:15","modified_gmt":"2026-02-26T17:08:15","slug":"bowl-plegable-saluki","status":"publish","type":"product","link":"https:\/\/imprimeideas.es\/en\/product\/bowl-plegable-saluki\/","title":{"rendered":"Bowl Plegable Saluki"},"content":{"rendered":"<p>Bowl plegable para mascotas fabricado en ca\u00f1a de trigo. De dise\u00f1o compacto, con dos compartimentos y perfecto para usar en cualquier sitio. Incluye pr\u00e1ctico mosquet\u00f3n de transporte de f\u00e1cil enganche. Presentado en una bolsa individual reciclada.La ca\u00f1a de trigo fomenta la utilizaci\u00f3n de materias primas naturales, reduciendo as\u00ed las emisiones contaminantes.<\/p>","protected":false},"excerpt":{"rendered":"<p>Bowl plegable para mascotas fabricado en ca\u00f1a de trigo. De dise\u00f1o compacto, con dos compartimentos y perfecto para usar en<\/p>","protected":false},"featured_media":78291,"comment_status":"open","ping_status":"open","template":"","meta":{"inline_featured_image":false},"product_brand":[],"product_cat":[109],"product_tag":[],"class_list":{"0":"post-43134","1":"product","2":"type-product","3":"status-publish","4":"has-post-thumbnail","6":"product_cat-productos-para-mascotas","8":"first","9":"instock","10":"taxable","11":"shipping-taxable","12":"purchasable","13":"product-type-variable","14":"has-default-attributes"},"aioseo_notices":[],"_links":{"self":[{"href":"https:\/\/imprimeideas.es\/en\/wp-json\/wp\/v2\/product\/43134","targetHints":{"allow":["GET"]}}],"collection":[{"href":"https:\/\/imprimeideas.es\/en\/wp-json\/wp\/v2\/product"}],"about":[{"href":"https:\/\/imprimeideas.es\/en\/wp-json\/wp\/v2\/types\/product"}],"replies":[{"embeddable":true,"href":"https:\/\/imprimeideas.es\/en\/wp-json\/wp\/v2\/comments?post=43134"}],"version-history":[{"count":1,"href":"https:\/\/imprimeideas.es\/en\/wp-json\/wp\/v2\/product\/43134\/revisions"}],"predecessor-version":[{"id":55110,"href":"https:\/\/imprimeideas.es\/en\/wp-json\/wp\/v2\/product\/43134\/revisions\/55110"}],"wp:featuredmedia":[{"embeddable":true,"href":"https:\/\/imprimeideas.es\/en\/wp-json\/wp\/v2\/media\/78291"}],"wp:attachment":[{"href":"https:\/\/imprimeideas.es\/en\/wp-json\/wp\/v2\/media?parent=43134"}],"wp:term":[{"taxonomy":"product_brand","embeddable":true,"href":"https:\/\/imprimeideas.es\/en\/wp-json\/wp\/v2\/product_brand?post=43134"},{"taxonomy":"product_cat","embeddable":true,"href":"https:\/\/imprimeideas.es\/en\/wp-json\/wp\/v2\/product_cat?post=43134"},{"taxonomy":"product_tag","embeddable":true,"href":"https:\/\/imprimeideas.es\/en\/wp-json\/wp\/v2\/product_tag?post=43134"}],"curies":[{"name":"wp","href":"https:\/\/api.w.org\/{rel}","templated":true}]}}