{"id":43128,"date":"2026-02-24T11:30:09","date_gmt":"2026-02-24T10:30:09","guid":{"rendered":"https:\/\/imprimeideas.es\/?post_type=product&p=43128"},"modified":"2026-02-26T18:42:26","modified_gmt":"2026-02-26T17:42:26","slug":"juego-mascotas-kesel","status":"publish","type":"product","link":"https:\/\/imprimeideas.es\/en\/product\/juego-mascotas-kesel\/","title":{"rendered":"Juego Mascotas Kesel"},"content":{"rendered":"<p>Juego para mascotas fabricado en madera. Divertido, seguro y f\u00e1cil de usar: pulsando en las palancas aparecen 3 simp\u00e1ticas figuras que despertar\u00e1n la curiosidad de toda mascota. Presentado en caja individual kraft.<\/p>","protected":false},"excerpt":{"rendered":"<p>Juego para mascotas fabricado en madera. Divertido, seguro y f\u00e1cil de usar: pulsando en las palancas aparecen 3 simp\u00e1ticas figuras<\/p>","protected":false},"featured_media":69592,"comment_status":"open","ping_status":"open","template":"","meta":{"inline_featured_image":false},"product_brand":[],"product_cat":[109],"product_tag":[],"class_list":{"0":"post-43128","1":"product","2":"type-product","3":"status-publish","4":"has-post-thumbnail","6":"product_cat-productos-para-mascotas","8":"first","9":"instock","10":"taxable","11":"shipping-taxable","12":"purchasable","13":"product-type-variable","14":"has-default-attributes"},"aioseo_notices":[],"_links":{"self":[{"href":"https:\/\/imprimeideas.es\/en\/wp-json\/wp\/v2\/product\/43128","targetHints":{"allow":["GET"]}}],"collection":[{"href":"https:\/\/imprimeideas.es\/en\/wp-json\/wp\/v2\/product"}],"about":[{"href":"https:\/\/imprimeideas.es\/en\/wp-json\/wp\/v2\/types\/product"}],"replies":[{"embeddable":true,"href":"https:\/\/imprimeideas.es\/en\/wp-json\/wp\/v2\/comments?post=43128"}],"version-history":[{"count":1,"href":"https:\/\/imprimeideas.es\/en\/wp-json\/wp\/v2\/product\/43128\/revisions"}],"predecessor-version":[{"id":55107,"href":"https:\/\/imprimeideas.es\/en\/wp-json\/wp\/v2\/product\/43128\/revisions\/55107"}],"wp:featuredmedia":[{"embeddable":true,"href":"https:\/\/imprimeideas.es\/en\/wp-json\/wp\/v2\/media\/69592"}],"wp:attachment":[{"href":"https:\/\/imprimeideas.es\/en\/wp-json\/wp\/v2\/media?parent=43128"}],"wp:term":[{"taxonomy":"product_brand","embeddable":true,"href":"https:\/\/imprimeideas.es\/en\/wp-json\/wp\/v2\/product_brand?post=43128"},{"taxonomy":"product_cat","embeddable":true,"href":"https:\/\/imprimeideas.es\/en\/wp-json\/wp\/v2\/product_cat?post=43128"},{"taxonomy":"product_tag","embeddable":true,"href":"https:\/\/imprimeideas.es\/en\/wp-json\/wp\/v2\/product_tag?post=43128"}],"curies":[{"name":"wp","href":"https:\/\/api.w.org\/{rel}","templated":true}]}}