{"id":43123,"date":"2026-02-24T11:30:08","date_gmt":"2026-02-24T10:30:08","guid":{"rendered":"https:\/\/imprimeideas.es\/?post_type=product&p=43123"},"modified":"2026-02-26T18:19:35","modified_gmt":"2026-02-26T17:19:35","slug":"guante-mascotas-akitax","status":"publish","type":"product","link":"https:\/\/imprimeideas.es\/en\/product\/guante-mascotas-akitax\/","title":{"rendered":"Guante Mascotas Akitax"},"content":{"rendered":"<p>Guante para cepillar a las mascotas fabricado en suave poli\u00e9ster y TPR. Dise\u00f1ado para mimar a las mascotas, es f\u00e1cil de usar y se ajusta a la mano gracias a su dise\u00f1o ergon\u00f3mico, con cinta de velcro adaptable. Las cerdas de suave TPR que atrapan el pelo suelto, para un cepillado f\u00e1cil y c\u00f3modo. Presentado en una bolsa individual reciclada.<\/p>","protected":false},"excerpt":{"rendered":"<p>Talla \u00danica. Adulto<\/p>","protected":false},"featured_media":78644,"comment_status":"open","ping_status":"open","template":"","meta":{"inline_featured_image":false},"product_brand":[],"product_cat":[109],"product_tag":[],"class_list":{"0":"post-43123","1":"product","2":"type-product","3":"status-publish","4":"has-post-thumbnail","6":"product_cat-productos-para-mascotas","8":"first","9":"instock","10":"taxable","11":"shipping-taxable","12":"purchasable","13":"product-type-variable","14":"has-default-attributes"},"aioseo_notices":[],"_links":{"self":[{"href":"https:\/\/imprimeideas.es\/en\/wp-json\/wp\/v2\/product\/43123","targetHints":{"allow":["GET"]}}],"collection":[{"href":"https:\/\/imprimeideas.es\/en\/wp-json\/wp\/v2\/product"}],"about":[{"href":"https:\/\/imprimeideas.es\/en\/wp-json\/wp\/v2\/types\/product"}],"replies":[{"embeddable":true,"href":"https:\/\/imprimeideas.es\/en\/wp-json\/wp\/v2\/comments?post=43123"}],"version-history":[{"count":1,"href":"https:\/\/imprimeideas.es\/en\/wp-json\/wp\/v2\/product\/43123\/revisions"}],"predecessor-version":[{"id":55105,"href":"https:\/\/imprimeideas.es\/en\/wp-json\/wp\/v2\/product\/43123\/revisions\/55105"}],"wp:featuredmedia":[{"embeddable":true,"href":"https:\/\/imprimeideas.es\/en\/wp-json\/wp\/v2\/media\/78644"}],"wp:attachment":[{"href":"https:\/\/imprimeideas.es\/en\/wp-json\/wp\/v2\/media?parent=43123"}],"wp:term":[{"taxonomy":"product_brand","embeddable":true,"href":"https:\/\/imprimeideas.es\/en\/wp-json\/wp\/v2\/product_brand?post=43123"},{"taxonomy":"product_cat","embeddable":true,"href":"https:\/\/imprimeideas.es\/en\/wp-json\/wp\/v2\/product_cat?post=43123"},{"taxonomy":"product_tag","embeddable":true,"href":"https:\/\/imprimeideas.es\/en\/wp-json\/wp\/v2\/product_tag?post=43123"}],"curies":[{"name":"wp","href":"https:\/\/api.w.org\/{rel}","templated":true}]}}