{"id":43110,"date":"2026-02-24T11:30:07","date_gmt":"2026-02-24T10:30:07","guid":{"rendered":"https:\/\/imprimeideas.es\/?post_type=product&p=43110"},"modified":"2026-02-26T18:08:10","modified_gmt":"2026-02-26T17:08:10","slug":"boligrafo-jotter-recycled","status":"publish","type":"product","link":"https:\/\/imprimeideas.es\/en\/product\/boligrafo-jotter-recycled\/","title":{"rendered":"Bol\u00edgrafo Jotter Recycled"},"content":{"rendered":"<p>Bol\u00edgrafo Parker Jotter Recycled, de acabado retro y fabricado en combinaci\u00f3n de acero inox y resistente RABS (ABS reciclado). Con mecanismo pulsador, cl\u00e1sico cartucho interior Parker y en tinta negra. Con un estilo sencillo y de l\u00edneas limpias, todo un cl\u00e1sico de Parker. Presentaci\u00f3n en estuche individual negro con logotipo Parker y disponible en variada gama de elegantes colores. Jotter Recycled es una colecci\u00f3n retro inspirada en el esp\u00edritu de los 90 y respetuosa con el medio ambiente. La gama de bol\u00edgrafos Parker combina la inconfundible silueta de Jotter y el clip caracter\u00edstico con una paleta de colores que rinde tributo a esta d\u00e9cada ic\u00f3nica. Un nuevo miembro de la familia Jotter, perfecto para usarlo en cualquier momento. Parker Jotter Recycled garantiza una escritura fluida en cada trazo del bol\u00edgrafo.El RABS es un pl\u00e1stico altamente reciclable de gran resistencia y con multitud de aplicaciones que lo convierte en una soluci\u00f3n eco-friendly. Con certificaci\u00f3n RCS, que garantiza el origen reciclado del mismo y logo RABS grabado distinguido.El acero es uno de los materiales m\u00e1s demandados y que puede encontrarse casi en todas partes, desde productos de uso diario a grandes construcciones. Con innumerables propiedades, entre las que cabe destacar la durabilidad y su alto grado de reutilizaci\u00f3n, convirti\u00e9ndolo en una alternativa muy valorada en soluciones de sostenibilidad. Debidamente tratado, permite obtener nuevos recursos de infinita utilizaci\u00f3n.<\/p>","protected":false},"excerpt":{"rendered":"<p>Carga Jumbo. Tinta Negra<\/p>","protected":false},"featured_media":66199,"comment_status":"open","ping_status":"open","template":"","meta":{"inline_featured_image":false},"product_brand":[],"product_cat":[100],"product_tag":[],"class_list":{"0":"post-43110","1":"product","2":"type-product","3":"status-publish","4":"has-post-thumbnail","6":"product_cat-escritura","8":"first","9":"instock","10":"taxable","11":"shipping-taxable","12":"purchasable","13":"product-type-variable","14":"has-default-attributes"},"aioseo_notices":[],"_links":{"self":[{"href":"https:\/\/imprimeideas.es\/en\/wp-json\/wp\/v2\/product\/43110","targetHints":{"allow":["GET"]}}],"collection":[{"href":"https:\/\/imprimeideas.es\/en\/wp-json\/wp\/v2\/product"}],"about":[{"href":"https:\/\/imprimeideas.es\/en\/wp-json\/wp\/v2\/types\/product"}],"replies":[{"embeddable":true,"href":"https:\/\/imprimeideas.es\/en\/wp-json\/wp\/v2\/comments?post=43110"}],"version-history":[{"count":1,"href":"https:\/\/imprimeideas.es\/en\/wp-json\/wp\/v2\/product\/43110\/revisions"}],"predecessor-version":[{"id":60762,"href":"https:\/\/imprimeideas.es\/en\/wp-json\/wp\/v2\/product\/43110\/revisions\/60762"}],"wp:featuredmedia":[{"embeddable":true,"href":"https:\/\/imprimeideas.es\/en\/wp-json\/wp\/v2\/media\/66199"}],"wp:attachment":[{"href":"https:\/\/imprimeideas.es\/en\/wp-json\/wp\/v2\/media?parent=43110"}],"wp:term":[{"taxonomy":"product_brand","embeddable":true,"href":"https:\/\/imprimeideas.es\/en\/wp-json\/wp\/v2\/product_brand?post=43110"},{"taxonomy":"product_cat","embeddable":true,"href":"https:\/\/imprimeideas.es\/en\/wp-json\/wp\/v2\/product_cat?post=43110"},{"taxonomy":"product_tag","embeddable":true,"href":"https:\/\/imprimeideas.es\/en\/wp-json\/wp\/v2\/product_tag?post=43110"}],"curies":[{"name":"wp","href":"https:\/\/api.w.org\/{rel}","templated":true}]}}