{"id":43013,"date":"2026-02-24T11:29:30","date_gmt":"2026-02-24T10:29:30","guid":{"rendered":"https:\/\/imprimeideas.es\/?post_type=product&p=43013"},"modified":"2026-02-26T18:32:59","modified_gmt":"2026-02-26T17:32:59","slug":"altavoz-boitok","status":"publish","type":"product","link":"https:\/\/imprimeideas.es\/en\/product\/altavoz-boitok\/","title":{"rendered":"Altavoz Boitok"},"content":{"rendered":"<p>Altavoz con conexi\u00f3n Bluetooth. Carcasa fabricada en bamb\u00fa y fieltro RPET. Con 3W de potencia, bater\u00eda de 300 mAh y conexi\u00f3n Bluetooth 5.0. Incluye cable cargador Tipo C y manual de instrucciones en espa\u00f1ol e ingl\u00e9s. Con distintivo RPET y presentado en caja individual de dise\u00f1o kraft.El fieltro RPET reciclado es fruto de la combinaci\u00f3n del proceso de reciclaje de materiales pl\u00e1sticos junto a la t\u00e9cnica milenaria de fabricaci\u00f3n del fieltro, dando como resultado un material de eco-tendencia que, adem\u00e1s de ser de origen reciclado, tambi\u00e9n se convierte en reciclable.<\/p>","protected":false},"excerpt":{"rendered":"<p>Conexi\u00f3n Bluetooth. Potencia Sonido 3W. Bater\u00eda 300 mAh<\/p>","protected":false},"featured_media":62945,"comment_status":"open","ping_status":"open","template":"","meta":{"inline_featured_image":false},"product_brand":[],"product_cat":[122,95],"product_tag":[],"class_list":{"0":"post-43013","1":"product","2":"type-product","3":"status-publish","4":"has-post-thumbnail","6":"product_cat-articulos-sostenibles","7":"product_cat-tecnologia-y-accesorios","9":"first","10":"instock","11":"taxable","12":"shipping-taxable","13":"purchasable","14":"product-type-variable","15":"has-default-attributes"},"aioseo_notices":[],"_links":{"self":[{"href":"https:\/\/imprimeideas.es\/en\/wp-json\/wp\/v2\/product\/43013","targetHints":{"allow":["GET"]}}],"collection":[{"href":"https:\/\/imprimeideas.es\/en\/wp-json\/wp\/v2\/product"}],"about":[{"href":"https:\/\/imprimeideas.es\/en\/wp-json\/wp\/v2\/types\/product"}],"replies":[{"embeddable":true,"href":"https:\/\/imprimeideas.es\/en\/wp-json\/wp\/v2\/comments?post=43013"}],"version-history":[{"count":1,"href":"https:\/\/imprimeideas.es\/en\/wp-json\/wp\/v2\/product\/43013\/revisions"}],"predecessor-version":[{"id":55101,"href":"https:\/\/imprimeideas.es\/en\/wp-json\/wp\/v2\/product\/43013\/revisions\/55101"}],"wp:featuredmedia":[{"embeddable":true,"href":"https:\/\/imprimeideas.es\/en\/wp-json\/wp\/v2\/media\/62945"}],"wp:attachment":[{"href":"https:\/\/imprimeideas.es\/en\/wp-json\/wp\/v2\/media?parent=43013"}],"wp:term":[{"taxonomy":"product_brand","embeddable":true,"href":"https:\/\/imprimeideas.es\/en\/wp-json\/wp\/v2\/product_brand?post=43013"},{"taxonomy":"product_cat","embeddable":true,"href":"https:\/\/imprimeideas.es\/en\/wp-json\/wp\/v2\/product_cat?post=43013"},{"taxonomy":"product_tag","embeddable":true,"href":"https:\/\/imprimeideas.es\/en\/wp-json\/wp\/v2\/product_tag?post=43013"}],"curies":[{"name":"wp","href":"https:\/\/api.w.org\/{rel}","templated":true}]}}