{"id":43010,"date":"2026-02-24T11:29:30","date_gmt":"2026-02-24T10:29:30","guid":{"rendered":"https:\/\/imprimeideas.es\/?post_type=product&p=43010"},"modified":"2026-02-26T18:13:37","modified_gmt":"2026-02-26T17:13:37","slug":"set-cables-cargadores-chaconix","status":"publish","type":"product","link":"https:\/\/imprimeideas.es\/en\/product\/set-cables-cargadores-chaconix\/","title":{"rendered":"Set Cables Cargadores Chaconix"},"content":{"rendered":"<p>Completo set de cables cargadores fabricado en fibra de trigo, con estuche de bamb\u00fa pulido y asa de transporte. Incluye cable con capacidad de transferencia de datos y m\u00faltiples conexiones, con cabezales Micro USB, Tipo C y Lightning. 5V DC 3A. Presentado en caja dise\u00f1o kraft.Elaborado con elementos vegetales para as\u00ed fomentar la utilizaci\u00f3n de materias primas naturales y reducir las emisiones contaminantes.<\/p>","protected":false},"excerpt":{"rendered":"<p>Apto para transferir datos. Conexi\u00f3n Micro USB, Tipo C y Lightning 5V DC 3A<\/p>","protected":false},"featured_media":67355,"comment_status":"open","ping_status":"open","template":"","meta":{"inline_featured_image":false},"product_brand":[],"product_cat":[122,95],"product_tag":[],"class_list":{"0":"post-43010","1":"product","2":"type-product","3":"status-publish","4":"has-post-thumbnail","6":"product_cat-articulos-sostenibles","7":"product_cat-tecnologia-y-accesorios","9":"first","10":"outofstock","11":"taxable","12":"shipping-taxable","13":"purchasable","14":"product-type-variable","15":"has-default-attributes"},"aioseo_notices":[],"_links":{"self":[{"href":"https:\/\/imprimeideas.es\/en\/wp-json\/wp\/v2\/product\/43010","targetHints":{"allow":["GET"]}}],"collection":[{"href":"https:\/\/imprimeideas.es\/en\/wp-json\/wp\/v2\/product"}],"about":[{"href":"https:\/\/imprimeideas.es\/en\/wp-json\/wp\/v2\/types\/product"}],"replies":[{"embeddable":true,"href":"https:\/\/imprimeideas.es\/en\/wp-json\/wp\/v2\/comments?post=43010"}],"version-history":[{"count":1,"href":"https:\/\/imprimeideas.es\/en\/wp-json\/wp\/v2\/product\/43010\/revisions"}],"predecessor-version":[{"id":55100,"href":"https:\/\/imprimeideas.es\/en\/wp-json\/wp\/v2\/product\/43010\/revisions\/55100"}],"wp:featuredmedia":[{"embeddable":true,"href":"https:\/\/imprimeideas.es\/en\/wp-json\/wp\/v2\/media\/67355"}],"wp:attachment":[{"href":"https:\/\/imprimeideas.es\/en\/wp-json\/wp\/v2\/media?parent=43010"}],"wp:term":[{"taxonomy":"product_brand","embeddable":true,"href":"https:\/\/imprimeideas.es\/en\/wp-json\/wp\/v2\/product_brand?post=43010"},{"taxonomy":"product_cat","embeddable":true,"href":"https:\/\/imprimeideas.es\/en\/wp-json\/wp\/v2\/product_cat?post=43010"},{"taxonomy":"product_tag","embeddable":true,"href":"https:\/\/imprimeideas.es\/en\/wp-json\/wp\/v2\/product_tag?post=43010"}],"curies":[{"name":"wp","href":"https:\/\/api.w.org\/{rel}","templated":true}]}}