{"id":43008,"date":"2026-02-24T11:29:30","date_gmt":"2026-02-24T10:29:30","guid":{"rendered":"https:\/\/imprimeideas.es\/?post_type=product&p=43008"},"modified":"2026-02-26T18:13:35","modified_gmt":"2026-02-26T17:13:35","slug":"set-cargadores-pylot","status":"publish","type":"product","link":"https:\/\/imprimeideas.es\/en\/product\/set-cargadores-pylot\/","title":{"rendered":"Set Cargadores Pylot"},"content":{"rendered":"<p>Set de cargador USB de pared con carga r\u00e1pida y cable cargador con transferencia de datos, fabricados en fibra de trigo. Cargador con salida USB y Tipo C, y cable extensible con conexi\u00f3n Micro USB, Tipo C y Lightning. Enchufe europeo. Presentado en bolsa de algod\u00f3n crudo 100% natural, con cierre de cord\u00f3n.La ca\u00f1a de trigo fomenta la utilizaci\u00f3n de materias primas naturales, reduciendo as\u00ed las emisiones contaminantes.<\/p>","protected":false},"excerpt":{"rendered":"<p>Cable Cargador Apto para transferir datos, Cable Extensible, Conexi\u00f3n Micro USB, Tipo C y Lightning 9V DC 2.1A. Funda Algod\u00f3n<\/p>","protected":false},"featured_media":83129,"comment_status":"open","ping_status":"open","template":"","meta":{"inline_featured_image":false},"product_brand":[],"product_cat":[122,95],"product_tag":[],"class_list":{"0":"post-43008","1":"product","2":"type-product","3":"status-publish","4":"has-post-thumbnail","6":"product_cat-articulos-sostenibles","7":"product_cat-tecnologia-y-accesorios","9":"first","10":"instock","11":"taxable","12":"shipping-taxable","13":"purchasable","14":"product-type-variable","15":"has-default-attributes"},"aioseo_notices":[],"_links":{"self":[{"href":"https:\/\/imprimeideas.es\/en\/wp-json\/wp\/v2\/product\/43008","targetHints":{"allow":["GET"]}}],"collection":[{"href":"https:\/\/imprimeideas.es\/en\/wp-json\/wp\/v2\/product"}],"about":[{"href":"https:\/\/imprimeideas.es\/en\/wp-json\/wp\/v2\/types\/product"}],"replies":[{"embeddable":true,"href":"https:\/\/imprimeideas.es\/en\/wp-json\/wp\/v2\/comments?post=43008"}],"version-history":[{"count":1,"href":"https:\/\/imprimeideas.es\/en\/wp-json\/wp\/v2\/product\/43008\/revisions"}],"predecessor-version":[{"id":55099,"href":"https:\/\/imprimeideas.es\/en\/wp-json\/wp\/v2\/product\/43008\/revisions\/55099"}],"wp:featuredmedia":[{"embeddable":true,"href":"https:\/\/imprimeideas.es\/en\/wp-json\/wp\/v2\/media\/83129"}],"wp:attachment":[{"href":"https:\/\/imprimeideas.es\/en\/wp-json\/wp\/v2\/media?parent=43008"}],"wp:term":[{"taxonomy":"product_brand","embeddable":true,"href":"https:\/\/imprimeideas.es\/en\/wp-json\/wp\/v2\/product_brand?post=43008"},{"taxonomy":"product_cat","embeddable":true,"href":"https:\/\/imprimeideas.es\/en\/wp-json\/wp\/v2\/product_cat?post=43008"},{"taxonomy":"product_tag","embeddable":true,"href":"https:\/\/imprimeideas.es\/en\/wp-json\/wp\/v2\/product_tag?post=43008"}],"curies":[{"name":"wp","href":"https:\/\/api.w.org\/{rel}","templated":true}]}}