{"id":43004,"date":"2026-02-24T11:29:29","date_gmt":"2026-02-24T10:29:29","guid":{"rendered":"https:\/\/imprimeideas.es\/?post_type=product&p=43004"},"modified":"2026-02-26T18:42:29","modified_gmt":"2026-02-26T17:42:29","slug":"auriculares-curney","status":"publish","type":"product","link":"https:\/\/imprimeideas.es\/en\/product\/auriculares-curney\/","title":{"rendered":"Auriculares Curney"},"content":{"rendered":"<p>Originales auriculares de diadema con conexi\u00f3n Bluetooth 5.0, de dise\u00f1o vanguardista y almohadillas cuadradas, en combinaci\u00f3n de colores blanco y plateado. Panel de control integrado en el auricular, funci\u00f3n manos libres y ranura para tarjetas microSD. Entrada de l\u00ednea mediante conexi\u00f3n Jack de 3,5mm, incluido cable de 1m. Recargables mediante cable USB (incluido de 30 cm) y con bater\u00eda de 150 mAh. Presentado en una caja individual de dise\u00f1o kraft, con papel protector.<\/p>","protected":false},"excerpt":{"rendered":"<p>Conexi\u00f3n Bluetooth. Conexi\u00f3n Jack 3,5 mm. Bater\u00eda 150 mAh<\/p>","protected":false},"featured_media":70357,"comment_status":"open","ping_status":"open","template":"","meta":{"inline_featured_image":false},"product_brand":[],"product_cat":[95],"product_tag":[],"class_list":{"0":"post-43004","1":"product","2":"type-product","3":"status-publish","4":"has-post-thumbnail","6":"product_cat-tecnologia-y-accesorios","8":"first","9":"outofstock","10":"taxable","11":"shipping-taxable","12":"purchasable","13":"product-type-variable","14":"has-default-attributes"},"aioseo_notices":[],"_links":{"self":[{"href":"https:\/\/imprimeideas.es\/en\/wp-json\/wp\/v2\/product\/43004","targetHints":{"allow":["GET"]}}],"collection":[{"href":"https:\/\/imprimeideas.es\/en\/wp-json\/wp\/v2\/product"}],"about":[{"href":"https:\/\/imprimeideas.es\/en\/wp-json\/wp\/v2\/types\/product"}],"replies":[{"embeddable":true,"href":"https:\/\/imprimeideas.es\/en\/wp-json\/wp\/v2\/comments?post=43004"}],"version-history":[{"count":1,"href":"https:\/\/imprimeideas.es\/en\/wp-json\/wp\/v2\/product\/43004\/revisions"}],"predecessor-version":[{"id":55097,"href":"https:\/\/imprimeideas.es\/en\/wp-json\/wp\/v2\/product\/43004\/revisions\/55097"}],"wp:featuredmedia":[{"embeddable":true,"href":"https:\/\/imprimeideas.es\/en\/wp-json\/wp\/v2\/media\/70357"}],"wp:attachment":[{"href":"https:\/\/imprimeideas.es\/en\/wp-json\/wp\/v2\/media?parent=43004"}],"wp:term":[{"taxonomy":"product_brand","embeddable":true,"href":"https:\/\/imprimeideas.es\/en\/wp-json\/wp\/v2\/product_brand?post=43004"},{"taxonomy":"product_cat","embeddable":true,"href":"https:\/\/imprimeideas.es\/en\/wp-json\/wp\/v2\/product_cat?post=43004"},{"taxonomy":"product_tag","embeddable":true,"href":"https:\/\/imprimeideas.es\/en\/wp-json\/wp\/v2\/product_tag?post=43004"}],"curies":[{"name":"wp","href":"https:\/\/api.w.org\/{rel}","templated":true}]}}