{"id":42995,"date":"2026-02-24T11:29:28","date_gmt":"2026-02-24T10:29:28","guid":{"rendered":"https:\/\/imprimeideas.es\/?post_type=product&p=42995"},"modified":"2026-02-26T18:23:15","modified_gmt":"2026-02-26T17:23:15","slug":"memoria-usb-afroks-16gb","status":"publish","type":"product","link":"https:\/\/imprimeideas.es\/en\/product\/memoria-usb-afroks-16gb\/","title":{"rendered":"Memoria USB Afroks 16GB"},"content":{"rendered":"<p>Memoria USB de l\u00ednea nature de 16GB de capacidad. Fabricada en bamb\u00fa, con amplia y elegante zona de marcaje iluminada. Cierre de capucha imantado y presentada en atractivo estuche de dise\u00f1o kraft.<\/p>","protected":false},"excerpt":{"rendered":"<p>Luces Led<\/p>","protected":false},"featured_media":44839,"comment_status":"open","ping_status":"open","template":"","meta":{"inline_featured_image":false},"product_brand":[],"product_cat":[122,95,787],"product_tag":[],"class_list":{"0":"post-42995","1":"product","2":"type-product","3":"status-publish","4":"has-post-thumbnail","6":"product_cat-articulos-sostenibles","7":"product_cat-tecnologia-y-accesorios","8":"product_cat-usb-stock","10":"first","11":"instock","12":"taxable","13":"shipping-taxable","14":"purchasable","15":"product-type-variable","16":"has-default-attributes"},"aioseo_notices":[],"_links":{"self":[{"href":"https:\/\/imprimeideas.es\/en\/wp-json\/wp\/v2\/product\/42995","targetHints":{"allow":["GET"]}}],"collection":[{"href":"https:\/\/imprimeideas.es\/en\/wp-json\/wp\/v2\/product"}],"about":[{"href":"https:\/\/imprimeideas.es\/en\/wp-json\/wp\/v2\/types\/product"}],"replies":[{"embeddable":true,"href":"https:\/\/imprimeideas.es\/en\/wp-json\/wp\/v2\/comments?post=42995"}],"version-history":[{"count":1,"href":"https:\/\/imprimeideas.es\/en\/wp-json\/wp\/v2\/product\/42995\/revisions"}],"predecessor-version":[{"id":55095,"href":"https:\/\/imprimeideas.es\/en\/wp-json\/wp\/v2\/product\/42995\/revisions\/55095"}],"wp:featuredmedia":[{"embeddable":true,"href":"https:\/\/imprimeideas.es\/en\/wp-json\/wp\/v2\/media\/44839"}],"wp:attachment":[{"href":"https:\/\/imprimeideas.es\/en\/wp-json\/wp\/v2\/media?parent=42995"}],"wp:term":[{"taxonomy":"product_brand","embeddable":true,"href":"https:\/\/imprimeideas.es\/en\/wp-json\/wp\/v2\/product_brand?post=42995"},{"taxonomy":"product_cat","embeddable":true,"href":"https:\/\/imprimeideas.es\/en\/wp-json\/wp\/v2\/product_cat?post=42995"},{"taxonomy":"product_tag","embeddable":true,"href":"https:\/\/imprimeideas.es\/en\/wp-json\/wp\/v2\/product_tag?post=42995"}],"curies":[{"name":"wp","href":"https:\/\/api.w.org\/{rel}","templated":true}]}}