{"id":42986,"date":"2026-02-24T11:29:27","date_gmt":"2026-02-24T10:29:27","guid":{"rendered":"https:\/\/imprimeideas.es\/?post_type=product&p=42986"},"modified":"2026-02-26T18:23:23","modified_gmt":"2026-02-26T17:23:23","slug":"cargador-beckett","status":"publish","type":"product","link":"https:\/\/imprimeideas.es\/en\/product\/cargador-beckett\/","title":{"rendered":"Cargador Beckett"},"content":{"rendered":"<p>Cargador inal\u00e1mbrico circular. Fabricado en bamb\u00fa, con superficie en elegante color negro. Luz led interior y recubrimiento exterior especialmente dise\u00f1ado para marcaje en l\u00e1ser, iluminando as\u00ed el logotipo. Con funci\u00f3n carga de 15W, compatible con dispositivos equipados con tecnolog\u00eda de carga inal\u00e1mbrica Qi. Con base antideslizante, incluye cable cargador Tipo C y manual de instrucciones en espa\u00f1ol e ingl\u00e9s. Presentado en caja individual de dise\u00f1o kraft.<\/p>","protected":false},"excerpt":{"rendered":"<p>Luces Led. Inal\u00e1mbrico 15W<\/p>","protected":false},"featured_media":80104,"comment_status":"open","ping_status":"open","template":"","meta":{"inline_featured_image":false},"product_brand":[],"product_cat":[122,95],"product_tag":[],"class_list":{"0":"post-42986","1":"product","2":"type-product","3":"status-publish","4":"has-post-thumbnail","6":"product_cat-articulos-sostenibles","7":"product_cat-tecnologia-y-accesorios","9":"first","10":"instock","11":"taxable","12":"shipping-taxable","13":"purchasable","14":"product-type-variable","15":"has-default-attributes"},"aioseo_notices":[],"_links":{"self":[{"href":"https:\/\/imprimeideas.es\/en\/wp-json\/wp\/v2\/product\/42986","targetHints":{"allow":["GET"]}}],"collection":[{"href":"https:\/\/imprimeideas.es\/en\/wp-json\/wp\/v2\/product"}],"about":[{"href":"https:\/\/imprimeideas.es\/en\/wp-json\/wp\/v2\/types\/product"}],"replies":[{"embeddable":true,"href":"https:\/\/imprimeideas.es\/en\/wp-json\/wp\/v2\/comments?post=42986"}],"version-history":[{"count":1,"href":"https:\/\/imprimeideas.es\/en\/wp-json\/wp\/v2\/product\/42986\/revisions"}],"predecessor-version":[{"id":55091,"href":"https:\/\/imprimeideas.es\/en\/wp-json\/wp\/v2\/product\/42986\/revisions\/55091"}],"wp:featuredmedia":[{"embeddable":true,"href":"https:\/\/imprimeideas.es\/en\/wp-json\/wp\/v2\/media\/80104"}],"wp:attachment":[{"href":"https:\/\/imprimeideas.es\/en\/wp-json\/wp\/v2\/media?parent=42986"}],"wp:term":[{"taxonomy":"product_brand","embeddable":true,"href":"https:\/\/imprimeideas.es\/en\/wp-json\/wp\/v2\/product_brand?post=42986"},{"taxonomy":"product_cat","embeddable":true,"href":"https:\/\/imprimeideas.es\/en\/wp-json\/wp\/v2\/product_cat?post=42986"},{"taxonomy":"product_tag","embeddable":true,"href":"https:\/\/imprimeideas.es\/en\/wp-json\/wp\/v2\/product_tag?post=42986"}],"curies":[{"name":"wp","href":"https:\/\/api.w.org\/{rel}","templated":true}]}}